{"id":25775,"date":"2022-01-13T00:23:45","date_gmt":"2022-01-13T06:23:45","guid":{"rendered":"https:\/\/cpt.org\/recursos-para-deshacer-las-opresiones"},"modified":"2022-01-13T00:23:45","modified_gmt":"2022-01-13T06:23:45","slug":"recursos-para-deshacer-las-opresiones","status":"publish","type":"page","link":"https:\/\/cpt.org\/es\/recursos-para-deshacer-las-opresiones","title":{"rendered":"Recursos para deshacer las opresiones"},"content":{"rendered":"\t\t<div data-elementor-type=\"wp-page\" data-elementor-id=\"25775\" class=\"elementor elementor-25775 elementor-8118\" data-elementor-post-type=\"page\">\n\t\t\t\t\t\t<section class=\"elementor-section elementor-top-section elementor-element elementor-element-318a010 elementor-section-boxed elementor-section-height-default elementor-section-height-default\" data-id=\"318a010\" data-element_type=\"section\" data-e-type=\"section\">\n\t\t\t\t\t\t<div class=\"elementor-container elementor-column-gap-default\">\n\t\t\t\t\t<div class=\"elementor-column elementor-col-100 elementor-top-column elementor-element elementor-element-6a75dd6\" data-id=\"6a75dd6\" data-element_type=\"column\" data-e-type=\"column\">\n\t\t\t<div class=\"elementor-widget-wrap elementor-element-populated\">\n\t\t\t\t\t\t<div class=\"elementor-element elementor-element-2178efb elementor-widget elementor-widget-heading\" data-id=\"2178efb\" data-element_type=\"widget\" data-e-type=\"widget\" data-widget_type=\"heading.default\">\n\t\t\t\t<div class=\"elementor-widget-container\">\n\t\t\t\t\t<h2 class=\"elementor-heading-title elementor-size-default\">Recursos para deshacer las opresiones<\/h2>\t\t\t\t<\/div>\n\t\t\t\t<\/div>\n\t\t\t\t<div class=\"elementor-element elementor-element-168c4aa elementor-widget elementor-widget-image\" data-id=\"168c4aa\" data-element_type=\"widget\" data-e-type=\"widget\" data-widget_type=\"image.default\">\n\t\t\t\t<div class=\"elementor-widget-container\">\n\t\t\t\t\t\t\t\t\t\t\t\t\t\t\t<img decoding=\"async\" width=\"564\" height=\"7\" src=\"https:\/\/cpt.org\/wp-content\/uploads\/pride_colors.png\" class=\"attachment-large size-large wp-image-24477\" alt=\"pride flag\" srcset=\"https:\/\/cpt.org\/wp-content\/uploads\/pride_colors.png 564w, https:\/\/cpt.org\/wp-content\/uploads\/pride_colors-300x4.png 300w\" sizes=\"(max-width: 564px) 100vw, 564px\" \/>\t\t\t\t\t\t\t\t\t\t\t\t\t\t\t<\/div>\n\t\t\t\t<\/div>\n\t\t\t\t\t<\/div>\n\t\t<\/div>\n\t\t\t\t\t<\/div>\n\t\t<\/section>\n\t\t\t\t<section class=\"elementor-section elementor-top-section elementor-element elementor-element-d172f60 elementor-section-boxed elementor-section-height-default elementor-section-height-default\" data-id=\"d172f60\" data-element_type=\"section\" data-e-type=\"section\">\n\t\t\t\t\t\t<div class=\"elementor-container elementor-column-gap-default\">\n\t\t\t\t\t<div class=\"elementor-column elementor-col-50 elementor-top-column elementor-element elementor-element-e49d91d\" data-id=\"e49d91d\" data-element_type=\"column\" data-e-type=\"column\">\n\t\t\t<div class=\"elementor-widget-wrap elementor-element-populated\">\n\t\t\t\t\t\t<div class=\"elementor-element elementor-element-1d3117e elementor-widget elementor-widget-text-editor\" data-id=\"1d3117e\" data-element_type=\"widget\" data-e-type=\"widget\" data-widget_type=\"text-editor.default\">\n\t\t\t\t<div class=\"elementor-widget-container\">\n\t\t\t\t\t\t\t\t\t<p><strong>En este momento estamos redise\u00f1ando esta p\u00e1gina. Vuelva pronto para ver nuevos recursos.<\/strong><\/p>\n<p>Deshacer opresiones es la base de nuestro trabajo. Como una organizaci\u00f3n dedicada a transformar la violencia y la opresi\u00f3n entendemos que la violencia que vemos a nivel global es un s\u00edntoma de los sistemas de opresi\u00f3n subyacentes (sexismo, racismo, heterosexismo, colonialismo, capitalismo, imperialismo) que perpet\u00faan los actos violentos.<\/p>\n<p>Nosotros, como Equipos y Comunidades de Acci\u00f3n por la Paz, reconocemos que nuestros or\u00edgenes tienen sus ra\u00edces en \u00e1mbitos predominantemente blancos y cristianos. Tambi\u00e9n reconocemos c\u00f3mo esto ha influenciado la forma en que hemos plasmado nuestro trabajo de no violencia. A lo largo de nuestra trayectoria continuamos aprendiendo de nuestros equipos y comunidades a reconocer la manera como vivimos y perpetuamos la violencia y la opresi\u00f3n. Al nombrarlo podemos avanzar hacia el desmantelamiento de estos sistemas no solo a nivel personal sino tambi\u00e9n en nuestros equipos y en los gobiernos y las sociedades que nos rodean.<\/p>\n<p>Muchos de estos sistemas de violencia son institucionalizados y socializados como si fueran la norma; un modus operandi por defecto que no se puede cambiar. Pero esto no es verdad. Lo emocionante de este trabajo es que siempre se est\u00e1 expandiendo y ampliando para profundizar en nuestra comprensi\u00f3n de las formas en que nos relacionamos con nuestras hermanas y hermanos humanos y con el mundo vivo que nos rodea. Deshacer opresiones nos invita a cuestionar nuestras ideas de valor y crear nuevos sistemas de justicia, dignidad y respeto.<\/p>\n\t\t\t\t\t\t\t\t<\/div>\n\t\t\t\t<\/div>\n\t\t\t\t\t<\/div>\n\t\t<\/div>\n\t\t\t\t<div class=\"elementor-column elementor-col-50 elementor-top-column elementor-element elementor-element-1786203\" data-id=\"1786203\" data-element_type=\"column\" data-e-type=\"column\" data-settings=\"{&quot;background_background&quot;:&quot;classic&quot;}\">\n\t\t\t<div class=\"elementor-widget-wrap elementor-element-populated\">\n\t\t\t\t\t\t<div class=\"elementor-element elementor-element-ee3a6ec elementor-widget elementor-widget-text-editor\" data-id=\"ee3a6ec\" data-element_type=\"widget\" data-e-type=\"widget\" data-widget_type=\"text-editor.default\">\n\t\t\t\t<div class=\"elementor-widget-container\">\n\t\t\t\t\t\t\t\t\t<h2>Deshacer el racismo<\/h2>\n<p>Nuestro trabajo en ECAP desaf\u00eda la supremac\u00eda blanca. Mientras que las formas tradicionales de acompa\u00f1amiento y presencia protectora se basan en sistemas de poder opresivos, nosotros intentamos desafiar estos sistemas. Pretendemos abordar el racismo inherente que no solo es la base de nuestras sociedades pero que tambi\u00e9n se manifiesta en las pr\u00e1cticas y pol\u00edticas de nuestros equipos.<\/p>\n\t\t\t\t\t\t\t\t<\/div>\n\t\t\t\t<\/div>\n\t\t\t\t<div class=\"elementor-element elementor-element-30ccfbf elementor-widget elementor-widget-text-editor\" data-id=\"30ccfbf\" data-element_type=\"widget\" data-e-type=\"widget\" data-widget_type=\"text-editor.default\">\n\t\t\t\t<div class=\"elementor-widget-container\">\n\t\t\t\t\t\t\t\t\t<h2>Deshacer el sexismo<\/h2>\n<p>Reconocemos al patriarcado como una fuerza subyacente de la desigualdad de poder y de violencia que es perjudicial para las relaciones sanas con los dem\u00e1s. ECAP rechaza todas las manifestaciones de sexismo y trabaja para aportar una visi\u00f3n feminista a nuestros equipos, comunidades y sociedades.<\/p>\n\t\t\t\t\t\t\t\t<\/div>\n\t\t\t\t<\/div>\n\t\t\t\t<div class=\"elementor-element elementor-element-2c3e097 elementor-widget elementor-widget-text-editor\" data-id=\"2c3e097\" data-element_type=\"widget\" data-e-type=\"widget\" data-widget_type=\"text-editor.default\">\n\t\t\t\t<div class=\"elementor-widget-container\">\n\t\t\t\t\t\t\t\t\t<h2>Deshacer el heterosexismo y la transfobia<\/h2>\n<p>ECAP rechaza los sistemas binarios de exclusi\u00f3n que causan violencia contra la diversidad de g\u00e9nero y la diversidad sexual. Reconocemos que las personas LGBTQ2S+ sufren un aumento de ataques y violencia especialmente en sitios de conflicto y encarcelamiento; queremos retar la heteronormatividad que ha colonizado a las personas afrodescendientes, ind\u00edgenas y comunidades de color.<\/p>\n\t\t\t\t\t\t\t\t<\/div>\n\t\t\t\t<\/div>\n\t\t\t\t\t<\/div>\n\t\t<\/div>\n\t\t\t\t\t<\/div>\n\t\t<\/section>\n\t\t\t\t<section class=\"elementor-section elementor-top-section elementor-element elementor-element-9881a59 elementor-section-boxed elementor-section-height-default elementor-section-height-default\" data-id=\"9881a59\" data-element_type=\"section\" data-e-type=\"section\">\n\t\t\t\t\t\t<div class=\"elementor-container elementor-column-gap-default\">\n\t\t\t\t\t<div class=\"elementor-column elementor-col-100 elementor-top-column elementor-element elementor-element-1755435\" data-id=\"1755435\" data-element_type=\"column\" data-e-type=\"column\">\n\t\t\t<div class=\"elementor-widget-wrap elementor-element-populated\">\n\t\t\t\t\t\t<div class=\"elementor-element elementor-element-5123b57 elementor-widget-divider--separator-type-pattern elementor-widget-divider--no-spacing elementor-widget-divider--view-line elementor-widget elementor-widget-divider\" data-id=\"5123b57\" data-element_type=\"widget\" data-e-type=\"widget\" data-widget_type=\"divider.default\">\n\t\t\t\t<div class=\"elementor-widget-container\">\n\t\t\t\t\t\t\t<div class=\"elementor-divider\" style=\"--divider-pattern-url: url(&quot;data:image\/svg+xml,%3Csvg xmlns=&#039;http:\/\/www.w3.org\/2000\/svg&#039; preserveAspectRatio=&#039;xMidYMid meet&#039; overflow=&#039;visible&#039; height=&#039;100%&#039; viewBox=&#039;0 0 126 26&#039; fill=&#039;black&#039; stroke=&#039;none&#039;%3E%3Cpath d=&#039;M3,10.2c2.6,0,2.6,2,2.6,3.2S4.4,16.5,3,16.5s-3-1.4-3-3.2S0.4,10.2,3,10.2z M18.8,10.2c1.7,0,3.2,1.4,3.2,3.2s-1.4,3.2-3.2,3.2c-1.7,0-3.2-1.4-3.2-3.2S17,10.2,18.8,10.2z M34.6,10.2c1.5,0,2.6,1.4,2.6,3.2s-0.5,3.2-1.9,3.2c-1.5,0-3.4-1.4-3.4-3.2S33.1,10.2,34.6,10.2z M50.5,10.2c1.7,0,3.2,1.4,3.2,3.2s-1.4,3.2-3.2,3.2c-1.7,0-3.3-0.9-3.3-2.6S48.7,10.2,50.5,10.2z M66.2,10.2c1.5,0,3.4,1.4,3.4,3.2s-1.9,3.2-3.4,3.2c-1.5,0-2.6-0.4-2.6-2.1S64.8,10.2,66.2,10.2z M82.2,10.2c1.7,0.8,2.6,1.4,2.6,3.2s-0.1,3.2-1.6,3.2c-1.5,0-3.7-1.4-3.7-3.2S80.5,9.4,82.2,10.2zM98.6,10.2c1.5,0,2.6,0.4,2.6,2.1s-1.2,4.2-2.6,4.2c-1.5,0-3.7-0.4-3.7-2.1S97.1,10.2,98.6,10.2z M113.4,10.2c1.2,0,2.2,0.9,2.2,3.2s-0.1,3.2-1.3,3.2s-3.1-1.4-3.1-3.2S112.2,10.2,113.4,10.2z&#039;\/%3E%3C\/svg%3E&quot;);\">\n\t\t\t<span class=\"elementor-divider-separator\">\n\t\t\t\t\t\t<\/span>\n\t\t<\/div>\n\t\t\t\t\t\t<\/div>\n\t\t\t\t<\/div>\n\t\t\t\t\t<\/div>\n\t\t<\/div>\n\t\t\t\t\t<\/div>\n\t\t<\/section>\n\t\t\t\t<section class=\"elementor-section elementor-top-section elementor-element elementor-element-96e114b elementor-section-boxed elementor-section-height-default elementor-section-height-default\" data-id=\"96e114b\" data-element_type=\"section\" data-e-type=\"section\">\n\t\t\t\t\t\t<div class=\"elementor-container elementor-column-gap-default\">\n\t\t\t\t\t<div class=\"elementor-column elementor-col-25 elementor-top-column elementor-element elementor-element-abcdd89\" data-id=\"abcdd89\" data-element_type=\"column\" data-e-type=\"column\">\n\t\t\t<div class=\"elementor-widget-wrap elementor-element-populated\">\n\t\t\t\t\t\t<div class=\"elementor-element elementor-element-92293cb elementor-widget elementor-widget-text-editor\" data-id=\"92293cb\" data-element_type=\"widget\" data-e-type=\"widget\" data-widget_type=\"text-editor.default\">\n\t\t\t\t<div class=\"elementor-widget-container\">\n\t\t\t\t\t\t\t\t\t<h2>General<\/h2>\n<p><a href=\"https:\/\/cpt.org\/wp-content\/uploads\/Undoing20Oppressions20-20Authentic20Relationships-11.pdf\">Authentic Relationships<\/a><\/p>\n<p><a href=\"https:\/\/cpt.org\/wp-content\/uploads\/Undoing20Oppressions20-20Becoming20an20Ally-11.pdf\">Becoming an Ally<\/a><\/p>\n<p><a href=\"https:\/\/cpt.org\/wp-content\/uploads\/Undoing20Oppressions20-20Distancing20Behaviors-11.pdf\">Distancing Behaviors<\/a><\/p>\n<p><a href=\"https:\/\/cpt.org\/wp-content\/uploads\/Undoing20Oppressions20-20Equalizing20Power-11.pdf\">Equalizing Power<\/a><\/p>\n<p><a href=\"https:\/\/cpt.org\/wp-content\/uploads\/Undoing20Oppressions20-20Three20Pillars20-20Smith-11.pdf\">The Three Pillars<\/a><\/p>\n\t\t\t\t\t\t\t\t<\/div>\n\t\t\t\t<\/div>\n\t\t\t\t\t<\/div>\n\t\t<\/div>\n\t\t\t\t<div class=\"elementor-column elementor-col-25 elementor-top-column elementor-element elementor-element-df0b866\" data-id=\"df0b866\" data-element_type=\"column\" data-e-type=\"column\">\n\t\t\t<div class=\"elementor-widget-wrap elementor-element-populated\">\n\t\t\t\t\t\t<div class=\"elementor-element elementor-element-83c3658 elementor-widget elementor-widget-text-editor\" data-id=\"83c3658\" data-element_type=\"widget\" data-e-type=\"widget\" data-widget_type=\"text-editor.default\">\n\t\t\t\t<div class=\"elementor-widget-container\">\n\t\t\t\t\t\t\t\t\t<h2>Deshacer el sexismo<\/h2>\n<p><a href=\"https:\/\/cpt.org\/wp-content\/uploads\/US20-20Male20Privilege20Checklist-11.pdf\">The Male Privilege Checklist<\/a><\/p>\n<p><a href=\"https:\/\/cpt.org\/wp-content\/uploads\/US20-20Bird20Cage20of20Sexism-11.pdf\">The Birdcage of Sexism<\/a><\/p>\n<p><a href=\"https:\/\/cpt.org\/wp-content\/uploads\/US20-20White20Male20System-11.pdf\">The White Male System<\/a><\/p>\n\t\t\t\t\t\t\t\t<\/div>\n\t\t\t\t<\/div>\n\t\t\t\t\t<\/div>\n\t\t<\/div>\n\t\t\t\t<div class=\"elementor-column elementor-col-25 elementor-top-column elementor-element elementor-element-dc1a184\" data-id=\"dc1a184\" data-element_type=\"column\" data-e-type=\"column\">\n\t\t\t<div class=\"elementor-widget-wrap elementor-element-populated\">\n\t\t\t\t\t\t<div class=\"elementor-element elementor-element-7cf6562 elementor-widget elementor-widget-text-editor\" data-id=\"7cf6562\" data-element_type=\"widget\" data-e-type=\"widget\" data-widget_type=\"text-editor.default\">\n\t\t\t\t<div class=\"elementor-widget-container\">\n\t\t\t\t\t\t\t\t\t<h2>Deshacer el heterosexismo<\/h2>\n<p><a href=\"https:\/\/cpt.org\/wp-content\/uploads\/Undoing20Heterosexism20-20The20Cisgender20Privilege20Checklist-11.pdf\">The Cisgender Privilege Checklist<\/a><\/p>\n<p><a href=\"https:\/\/cpt.org\/wp-content\/uploads\/Undoing20Heterosexism20-20Unpacking20the20Invisible20Knapsack20II-11.pdf\">Unpacking the Invisible Knapsack II: Sexual Orientation<\/a><\/p>\n\t\t\t\t\t\t\t\t<\/div>\n\t\t\t\t<\/div>\n\t\t\t\t\t<\/div>\n\t\t<\/div>\n\t\t\t\t<div class=\"elementor-column elementor-col-25 elementor-top-column elementor-element elementor-element-2612540\" data-id=\"2612540\" data-element_type=\"column\" data-e-type=\"column\">\n\t\t\t<div class=\"elementor-widget-wrap elementor-element-populated\">\n\t\t\t\t\t\t<div class=\"elementor-element elementor-element-1b18e56 elementor-widget elementor-widget-text-editor\" data-id=\"1b18e56\" data-element_type=\"widget\" data-e-type=\"widget\" data-widget_type=\"text-editor.default\">\n\t\t\t\t<div class=\"elementor-widget-container\">\n\t\t\t\t\t\t\t\t\t<h2>Deshacer el racismo<\/h2>\n<p><a href=\"https:\/\/cpt.org\/wp-content\/uploads\/Undoing20Racism20-20White20Privilege20-20McIntosh-11.pdf\">White Privilege<\/a><\/p>\n<p><a href=\"https:\/\/cpt.org\/wp-content\/uploads\/Undoing20Racism20-20White20Supremacy20Culture-11.pdf\">White Supremacy Culture<\/a><\/p>\n\t\t\t\t\t\t\t\t<\/div>\n\t\t\t\t<\/div>\n\t\t\t\t\t<\/div>\n\t\t<\/div>\n\t\t\t\t\t<\/div>\n\t\t<\/section>\n\t\t\t\t<\/div>\n\t\t","protected":false},"excerpt":{"rendered":"<p>Recursos para deshacer las opresiones En este momento estamos redise\u00f1ando esta p\u00e1gina. Vuelva pronto para ver nuevos recursos. Deshacer opresiones es la base de nuestro trabajo. Como una organizaci\u00f3n dedicada a transformar la violencia y la opresi\u00f3n entendemos que la violencia que vemos a nivel global es un s\u00edntoma de los sistemas de opresi\u00f3n subyacentes [&hellip;]<\/p>\n","protected":false},"author":3,"featured_media":0,"parent":0,"menu_order":0,"comment_status":"closed","ping_status":"closed","template":"","meta":{"footnotes":""},"class_list":["post-25775","page","type-page","status-publish","hentry"],"yoast_head":"<!-- This site is optimized with the Yoast SEO Premium plugin v27.3 (Yoast SEO v27.3) - https:\/\/yoast.com\/product\/yoast-seo-premium-wordpress\/ -->\n<title>Recursos para deshacer las opresiones | Equipos y Comunidades de Acci\u00f3n por la Paz<\/title>\n<meta name=\"description\" content=\"El trabajo de ECAP se basa en la creencia de que la opresi\u00f3n conduce a la violencia y que es necesario desafiar los sistemas opresivos para lograr la paz.\" \/>\n<meta name=\"robots\" content=\"index, follow, max-snippet:-1, max-image-preview:large, max-video-preview:-1\" \/>\n<link rel=\"canonical\" href=\"https:\/\/cpt.org\/es\/recursos-para-deshacer-las-opresiones\" \/>\n<meta property=\"og:locale\" content=\"es_ES\" \/>\n<meta property=\"og:type\" content=\"article\" \/>\n<meta property=\"og:title\" content=\"Recursos para deshacer las opresiones\" \/>\n<meta property=\"og:description\" content=\"El trabajo de ECAP se basa en la creencia de que la opresi\u00f3n conduce a la violencia y que es necesario desafiar los sistemas opresivos para lograr la paz.\" \/>\n<meta property=\"og:url\" content=\"https:\/\/cpt.org\/es\/recursos-para-deshacer-las-opresiones\" \/>\n<meta property=\"og:site_name\" content=\"Equipos y Comunidades de Acci\u00f3n por la Paz\" \/>\n<meta property=\"article:publisher\" content=\"https:\/\/www.facebook.com\/cpters\" \/>\n<meta property=\"og:image\" content=\"https:\/\/cpt.org\/wp-content\/uploads\/pride_colors.png\" \/>\n<meta name=\"twitter:card\" content=\"summary_large_image\" \/>\n<meta name=\"twitter:title\" content=\"Recursos para deshacer las opresiones | Equipos y Comunidades de Acci\u00f3n por la Paz\" \/>\n<meta name=\"twitter:description\" content=\"ECAP est\u00e1 comprometida con el trabajo de Deshacer las Opresiones. Nuestro trabajo se basa en la creencia de que la opresi\u00f3n conduce a la violencia y que es necesario desafiar los sistemas opresivos para lograr la paz. Como parte de esto, ECAP invita tanto a los miembros de ECAP como a sus comunidades de origen a aprender con nosotros. Juntos desarrollamos las herramientas y la conciencia para hacer el trabajo de Deshacer las Opresiones. En esta p\u00e1gina compartimos algunos recursos para comenzar el proceso de aprendizaje.\" \/>\n<meta name=\"twitter:site\" content=\"@cpt_intl\" \/>\n<meta name=\"twitter:label1\" content=\"Tiempo de lectura\" \/>\n\t<meta name=\"twitter:data1\" content=\"2 minutos\" \/>\n<script type=\"application\/ld+json\" class=\"yoast-schema-graph\">{\"@context\":\"https:\\\/\\\/schema.org\",\"@graph\":[{\"@type\":\"WebPage\",\"@id\":\"https:\\\/\\\/cpt.org\\\/es\\\/recursos-para-deshacer-las-opresiones\",\"url\":\"https:\\\/\\\/cpt.org\\\/es\\\/recursos-para-deshacer-las-opresiones\",\"name\":\"Recursos para deshacer las opresiones | Equipos y Comunidades de Acci\u00f3n por la Paz\",\"isPartOf\":{\"@id\":\"https:\\\/\\\/cpt.org\\\/es#website\"},\"primaryImageOfPage\":{\"@id\":\"https:\\\/\\\/cpt.org\\\/es\\\/recursos-para-deshacer-las-opresiones#primaryimage\"},\"image\":{\"@id\":\"https:\\\/\\\/cpt.org\\\/es\\\/recursos-para-deshacer-las-opresiones#primaryimage\"},\"thumbnailUrl\":\"https:\\\/\\\/cpt.org\\\/wp-content\\\/uploads\\\/pride_colors.png\",\"datePublished\":\"2022-01-13T06:23:45+00:00\",\"description\":\"El trabajo de ECAP se basa en la creencia de que la opresi\u00f3n conduce a la violencia y que es necesario desafiar los sistemas opresivos para lograr la paz.\",\"breadcrumb\":{\"@id\":\"https:\\\/\\\/cpt.org\\\/es\\\/recursos-para-deshacer-las-opresiones#breadcrumb\"},\"inLanguage\":\"es\",\"potentialAction\":[{\"@type\":\"ReadAction\",\"target\":[\"https:\\\/\\\/cpt.org\\\/es\\\/recursos-para-deshacer-las-opresiones\"]}]},{\"@type\":\"ImageObject\",\"inLanguage\":\"es\",\"@id\":\"https:\\\/\\\/cpt.org\\\/es\\\/recursos-para-deshacer-las-opresiones#primaryimage\",\"url\":\"https:\\\/\\\/cpt.org\\\/wp-content\\\/uploads\\\/pride_colors.png\",\"contentUrl\":\"https:\\\/\\\/cpt.org\\\/wp-content\\\/uploads\\\/pride_colors.png\"},{\"@type\":\"BreadcrumbList\",\"@id\":\"https:\\\/\\\/cpt.org\\\/es\\\/recursos-para-deshacer-las-opresiones#breadcrumb\",\"itemListElement\":[{\"@type\":\"ListItem\",\"position\":1,\"name\":\"Home\",\"item\":\"https:\\\/\\\/cpt.org\\\/es\"},{\"@type\":\"ListItem\",\"position\":2,\"name\":\"Recursos para deshacer las opresiones\"}]},{\"@type\":\"WebSite\",\"@id\":\"https:\\\/\\\/cpt.org\\\/es#website\",\"url\":\"https:\\\/\\\/cpt.org\\\/es\",\"name\":\"Equipos y Comunidades de Acci\u00f3n por la Paz\",\"description\":\"Building partnerships to transform violence and oppression\",\"publisher\":{\"@id\":\"https:\\\/\\\/cpt.org\\\/es#organization\"},\"potentialAction\":[{\"@type\":\"SearchAction\",\"target\":{\"@type\":\"EntryPoint\",\"urlTemplate\":\"https:\\\/\\\/cpt.org\\\/es?s={search_term_string}\"},\"query-input\":{\"@type\":\"PropertyValueSpecification\",\"valueRequired\":true,\"valueName\":\"search_term_string\"}}],\"inLanguage\":\"es\"},{\"@type\":\"Organization\",\"@id\":\"https:\\\/\\\/cpt.org\\\/es#organization\",\"name\":\"Equipos y Comunidades de Acci\u00f3n por la Paz\",\"url\":\"https:\\\/\\\/cpt.org\\\/es\",\"logo\":{\"@type\":\"ImageObject\",\"inLanguage\":\"es\",\"@id\":\"https:\\\/\\\/cpt.org\\\/es#\\\/schema\\\/logo\\\/image\\\/\",\"url\":\"https:\\\/\\\/cpt.org\\\/wp-content\\\/uploads\\\/logoCPT-red-2.png\",\"contentUrl\":\"https:\\\/\\\/cpt.org\\\/wp-content\\\/uploads\\\/logoCPT-red-2.png\",\"width\":1730,\"height\":840,\"caption\":\"Equipos y Comunidades de Acci\u00f3n por la Paz\"},\"image\":{\"@id\":\"https:\\\/\\\/cpt.org\\\/es#\\\/schema\\\/logo\\\/image\\\/\"},\"sameAs\":[\"https:\\\/\\\/www.facebook.com\\\/cpters\",\"https:\\\/\\\/x.com\\\/cpt_intl\",\"https:\\\/\\\/www.instagram.com\\\/cpteams\\\/\",\"https:\\\/\\\/www.youtube.com\\\/user\\\/cptvideos\"]}]}<\/script>\n<!-- \/ Yoast SEO Premium plugin. -->","yoast_head_json":{"title":"Recursos para deshacer las opresiones | Equipos y Comunidades de Acci\u00f3n por la Paz","description":"El trabajo de ECAP se basa en la creencia de que la opresi\u00f3n conduce a la violencia y que es necesario desafiar los sistemas opresivos para lograr la paz.","robots":{"index":"index","follow":"follow","max-snippet":"max-snippet:-1","max-image-preview":"max-image-preview:large","max-video-preview":"max-video-preview:-1"},"canonical":"https:\/\/cpt.org\/es\/recursos-para-deshacer-las-opresiones","og_locale":"es_ES","og_type":"article","og_title":"Recursos para deshacer las opresiones","og_description":"El trabajo de ECAP se basa en la creencia de que la opresi\u00f3n conduce a la violencia y que es necesario desafiar los sistemas opresivos para lograr la paz.","og_url":"https:\/\/cpt.org\/es\/recursos-para-deshacer-las-opresiones","og_site_name":"Equipos y Comunidades de Acci\u00f3n por la Paz","article_publisher":"https:\/\/www.facebook.com\/cpters","og_image":[{"url":"https:\/\/cpt.org\/wp-content\/uploads\/pride_colors.png","type":"","width":"","height":""}],"twitter_card":"summary_large_image","twitter_title":"Recursos para deshacer las opresiones | Equipos y Comunidades de Acci\u00f3n por la Paz","twitter_description":"ECAP est\u00e1 comprometida con el trabajo de Deshacer las Opresiones. Nuestro trabajo se basa en la creencia de que la opresi\u00f3n conduce a la violencia y que es necesario desafiar los sistemas opresivos para lograr la paz. Como parte de esto, ECAP invita tanto a los miembros de ECAP como a sus comunidades de origen a aprender con nosotros. Juntos desarrollamos las herramientas y la conciencia para hacer el trabajo de Deshacer las Opresiones. En esta p\u00e1gina compartimos algunos recursos para comenzar el proceso de aprendizaje.","twitter_site":"@cpt_intl","twitter_misc":{"Tiempo de lectura":"2 minutos"},"schema":{"@context":"https:\/\/schema.org","@graph":[{"@type":"WebPage","@id":"https:\/\/cpt.org\/es\/recursos-para-deshacer-las-opresiones","url":"https:\/\/cpt.org\/es\/recursos-para-deshacer-las-opresiones","name":"Recursos para deshacer las opresiones | Equipos y Comunidades de Acci\u00f3n por la Paz","isPartOf":{"@id":"https:\/\/cpt.org\/es#website"},"primaryImageOfPage":{"@id":"https:\/\/cpt.org\/es\/recursos-para-deshacer-las-opresiones#primaryimage"},"image":{"@id":"https:\/\/cpt.org\/es\/recursos-para-deshacer-las-opresiones#primaryimage"},"thumbnailUrl":"https:\/\/cpt.org\/wp-content\/uploads\/pride_colors.png","datePublished":"2022-01-13T06:23:45+00:00","description":"El trabajo de ECAP se basa en la creencia de que la opresi\u00f3n conduce a la violencia y que es necesario desafiar los sistemas opresivos para lograr la paz.","breadcrumb":{"@id":"https:\/\/cpt.org\/es\/recursos-para-deshacer-las-opresiones#breadcrumb"},"inLanguage":"es","potentialAction":[{"@type":"ReadAction","target":["https:\/\/cpt.org\/es\/recursos-para-deshacer-las-opresiones"]}]},{"@type":"ImageObject","inLanguage":"es","@id":"https:\/\/cpt.org\/es\/recursos-para-deshacer-las-opresiones#primaryimage","url":"https:\/\/cpt.org\/wp-content\/uploads\/pride_colors.png","contentUrl":"https:\/\/cpt.org\/wp-content\/uploads\/pride_colors.png"},{"@type":"BreadcrumbList","@id":"https:\/\/cpt.org\/es\/recursos-para-deshacer-las-opresiones#breadcrumb","itemListElement":[{"@type":"ListItem","position":1,"name":"Home","item":"https:\/\/cpt.org\/es"},{"@type":"ListItem","position":2,"name":"Recursos para deshacer las opresiones"}]},{"@type":"WebSite","@id":"https:\/\/cpt.org\/es#website","url":"https:\/\/cpt.org\/es","name":"Equipos y Comunidades de Acci\u00f3n por la Paz","description":"Building partnerships to transform violence and oppression","publisher":{"@id":"https:\/\/cpt.org\/es#organization"},"potentialAction":[{"@type":"SearchAction","target":{"@type":"EntryPoint","urlTemplate":"https:\/\/cpt.org\/es?s={search_term_string}"},"query-input":{"@type":"PropertyValueSpecification","valueRequired":true,"valueName":"search_term_string"}}],"inLanguage":"es"},{"@type":"Organization","@id":"https:\/\/cpt.org\/es#organization","name":"Equipos y Comunidades de Acci\u00f3n por la Paz","url":"https:\/\/cpt.org\/es","logo":{"@type":"ImageObject","inLanguage":"es","@id":"https:\/\/cpt.org\/es#\/schema\/logo\/image\/","url":"https:\/\/cpt.org\/wp-content\/uploads\/logoCPT-red-2.png","contentUrl":"https:\/\/cpt.org\/wp-content\/uploads\/logoCPT-red-2.png","width":1730,"height":840,"caption":"Equipos y Comunidades de Acci\u00f3n por la Paz"},"image":{"@id":"https:\/\/cpt.org\/es#\/schema\/logo\/image\/"},"sameAs":["https:\/\/www.facebook.com\/cpters","https:\/\/x.com\/cpt_intl","https:\/\/www.instagram.com\/cpteams\/","https:\/\/www.youtube.com\/user\/cptvideos"]}]}},"_links":{"self":[{"href":"https:\/\/cpt.org\/es\/wp-json\/wp\/v2\/pages\/25775","targetHints":{"allow":["GET"]}}],"collection":[{"href":"https:\/\/cpt.org\/es\/wp-json\/wp\/v2\/pages"}],"about":[{"href":"https:\/\/cpt.org\/es\/wp-json\/wp\/v2\/types\/page"}],"author":[{"embeddable":true,"href":"https:\/\/cpt.org\/es\/wp-json\/wp\/v2\/users\/3"}],"replies":[{"embeddable":true,"href":"https:\/\/cpt.org\/es\/wp-json\/wp\/v2\/comments?post=25775"}],"version-history":[{"count":1,"href":"https:\/\/cpt.org\/es\/wp-json\/wp\/v2\/pages\/25775\/revisions"}],"predecessor-version":[{"id":25776,"href":"https:\/\/cpt.org\/es\/wp-json\/wp\/v2\/pages\/25775\/revisions\/25776"}],"wp:attachment":[{"href":"https:\/\/cpt.org\/es\/wp-json\/wp\/v2\/media?parent=25775"}],"curies":[{"name":"wp","href":"https:\/\/api.w.org\/{rel}","templated":true}]}}