{"id":31016,"date":"2023-01-17T16:08:53","date_gmt":"2023-01-17T22:08:53","guid":{"rendered":"https:\/\/cpt.org\/delegaciones\/delegaciones-a-colombia"},"modified":"2025-03-19T09:23:13","modified_gmt":"2025-03-19T14:23:13","slug":"colombia","status":"publish","type":"page","link":"https:\/\/cpt.org\/es\/delegaciones\/colombia","title":{"rendered":"Delegaciones a Colombia"},"content":{"rendered":"\t\t<div data-elementor-type=\"wp-page\" data-elementor-id=\"31016\" class=\"elementor elementor-31016 elementor-8004\" data-elementor-post-type=\"page\">\n\t\t\t\t\t\t<section class=\"elementor-section elementor-top-section elementor-element elementor-element-66315482 elementor-section-full_width elementor-section-height-default elementor-section-height-default\" data-id=\"66315482\" data-element_type=\"section\" data-e-type=\"section\">\n\t\t\t\t\t\t<div class=\"elementor-container elementor-column-gap-no\">\n\t\t\t\t\t<div class=\"elementor-column elementor-col-100 elementor-top-column elementor-element elementor-element-76b70aa6\" data-id=\"76b70aa6\" data-element_type=\"column\" data-e-type=\"column\">\n\t\t\t<div class=\"elementor-widget-wrap elementor-element-populated\">\n\t\t\t\t\t\t<div class=\"elementor-element elementor-element-52019a07 elementor-widget elementor-widget-image\" data-id=\"52019a07\" data-element_type=\"widget\" data-e-type=\"widget\" data-widget_type=\"image.default\">\n\t\t\t\t<div class=\"elementor-widget-container\">\n\t\t\t\t\t\t\t\t\t\t\t\t\t\t\t<img fetchpriority=\"high\" decoding=\"async\" width=\"2000\" height=\"1333\" src=\"https:\/\/cpt.org\/wp-content\/uploads\/241114-colombia.jpg\" class=\"attachment-2048x2048 size-2048x2048 wp-image-37422\" alt=\"a group of women walk in a line in a field\" srcset=\"https:\/\/cpt.org\/wp-content\/uploads\/241114-colombia.jpg 2000w, https:\/\/cpt.org\/wp-content\/uploads\/241114-colombia-300x200.jpg 300w, https:\/\/cpt.org\/wp-content\/uploads\/241114-colombia-1024x682.jpg 1024w, https:\/\/cpt.org\/wp-content\/uploads\/241114-colombia-768x512.jpg 768w, https:\/\/cpt.org\/wp-content\/uploads\/241114-colombia-1536x1024.jpg 1536w\" sizes=\"(max-width: 2000px) 100vw, 2000px\" \/>\t\t\t\t\t\t\t\t\t\t\t\t\t\t\t<\/div>\n\t\t\t\t<\/div>\n\t\t\t\t\t<\/div>\n\t\t<\/div>\n\t\t\t\t\t<\/div>\n\t\t<\/section>\n\t\t\t\t<section class=\"elementor-section elementor-top-section elementor-element elementor-element-12d06e90 elementor-section-boxed elementor-section-height-default elementor-section-height-default\" data-id=\"12d06e90\" data-element_type=\"section\" data-e-type=\"section\">\n\t\t\t\t\t\t<div class=\"elementor-container elementor-column-gap-default\">\n\t\t\t\t\t<div class=\"elementor-column elementor-col-100 elementor-top-column elementor-element elementor-element-5f18754 elementor-hidden-desktop elementor-hidden-tablet elementor-hidden-mobile\" data-id=\"5f18754\" data-element_type=\"column\" data-e-type=\"column\">\n\t\t\t<div class=\"elementor-widget-wrap elementor-element-populated\">\n\t\t\t\t\t\t<section class=\"elementor-section elementor-inner-section elementor-element elementor-element-9ff0847 elementor-section-boxed elementor-section-height-default elementor-section-height-default\" data-id=\"9ff0847\" data-element_type=\"section\" data-e-type=\"section\">\n\t\t\t\t\t\t<div class=\"elementor-container elementor-column-gap-default\">\n\t\t\t\t\t<div class=\"elementor-column elementor-col-50 elementor-inner-column elementor-element elementor-element-1a06464\" data-id=\"1a06464\" data-element_type=\"column\" data-e-type=\"column\">\n\t\t\t<div class=\"elementor-widget-wrap elementor-element-populated\">\n\t\t\t\t\t\t<div class=\"elementor-element elementor-element-1b9ac1a elementor-widget elementor-widget-heading\" data-id=\"1b9ac1a\" data-element_type=\"widget\" data-e-type=\"widget\" data-widget_type=\"heading.default\">\n\t\t\t\t<div class=\"elementor-widget-container\">\n\t\t\t\t\t<h2 class=\"elementor-heading-title elementor-size-default\">Derechos humanos, dignidad y territorio: Un llamado de las comunidades mineras del Nordeste Antioque\u00f1o.<\/h2>\t\t\t\t<\/div>\n\t\t\t\t<\/div>\n\t\t\t\t<div class=\"elementor-element elementor-element-17dc5c7 elementor-widget elementor-widget-heading\" data-id=\"17dc5c7\" data-element_type=\"widget\" data-e-type=\"widget\" data-widget_type=\"heading.default\">\n\t\t\t\t<div class=\"elementor-widget-container\">\n\t\t\t\t\t<h2 class=\"elementor-heading-title elementor-size-default\">Delegaci\u00f3n biling\u00fce (Espa\u00f1ol-Ingl\u00e9s)<\/h2>\t\t\t\t<\/div>\n\t\t\t\t<\/div>\n\t\t\t\t<div class=\"elementor-element elementor-element-c32ac96 elementor-widget elementor-widget-heading\" data-id=\"c32ac96\" data-element_type=\"widget\" data-e-type=\"widget\" data-widget_type=\"heading.default\">\n\t\t\t\t<div class=\"elementor-widget-container\">\n\t\t\t\t\t<h2 class=\"elementor-heading-title elementor-size-default\">December 6 to 14, 2025<\/h2>\t\t\t\t<\/div>\n\t\t\t\t<\/div>\n\t\t\t\t<div class=\"elementor-element elementor-element-ecd34d4 elementor-widget elementor-widget-text-editor\" data-id=\"ecd34d4\" data-element_type=\"widget\" data-e-type=\"widget\" data-widget_type=\"text-editor.default\">\n\t\t\t\t<div class=\"elementor-widget-container\">\n\t\t\t\t\t\t\t\t\t<p>Las comunidades mineras y campesinas del Nordeste Antioque\u00f1o enfrentan una nueva escalada de violencia por parte de diferentes grupos armados en su territorio. La falta de implementaci\u00f3n de los Acuerdos de Paz firmados entre el gobierno colombiano y las Fuerzas Armadas Revolucionarias de Colombia -FARC- en 2016, y las nuevas din\u00e1micas de los actores armados en el marco de la pol\u00edtica de Paz Total del presente gobierno, han creado un ambiente donde no hay garant\u00edas para el establecimiento de una paz integral y duradera. Ante el panorama de abandono, las comunidades que caminan en resistencia acompa\u00f1adas por <em>la Corporaci\u00f3n Acci\u00f3n Humanitaria por la Convivencia y la Paz del Nordeste Antioque\u00f1o \u2013 CAHUCOPANA-<\/em> tejen alternativas a la guerra y construyen caminos para transitar hacia la paz con justicia social.<\/p>\n<p>En esta delegaci\u00f3n compartir\u00e1s con comunidades y organizaciones de base que resisten la violencia y la opresi\u00f3n, construyendo paz d\u00eda a d\u00eda. Escuchar\u00e1s directamente sobre su compromiso por una vida digna basada en el respeto a los Derechos Humanos y podr\u00e1s descubrir c\u00f3mo puedes ser parte del cambio. Ser\u00e1 una experiencia de aprendizaje transformadora.<\/p>\n<p>\u00a1\u00danete a esta delegaci\u00f3n para conocer y apoyar solidariamente a estas comunidades constructoras de paz!<\/p>\n\t\t\t\t\t\t\t\t<\/div>\n\t\t\t\t<\/div>\n\t\t\t\t\t<\/div>\n\t\t<\/div>\n\t\t\t\t<div class=\"elementor-column elementor-col-50 elementor-inner-column elementor-element elementor-element-710bf27\" data-id=\"710bf27\" data-element_type=\"column\" data-e-type=\"column\">\n\t\t\t<div class=\"elementor-widget-wrap elementor-element-populated\">\n\t\t\t\t\t\t<div class=\"elementor-element elementor-element-c5208b9 elementor-widget elementor-widget-text-editor\" data-id=\"c5208b9\" data-element_type=\"widget\" data-e-type=\"widget\" data-widget_type=\"text-editor.default\">\n\t\t\t\t<div class=\"elementor-widget-container\">\n\t\t\t\t\t\t\t\t\t<p><strong>Costo por delegaci\u00f3n de habla inglesa: <\/strong>USD 1500<\/p>\n<p><em>Esta delegaci\u00f3n de habla inglesa comienza y termina en Bogot\u00e1\/Medell\u00edn.<\/em><\/p>\n<p>Se espera que los delegados cubran los costos de la delegaci\u00f3n. La tarifa de delegaci\u00f3n cubre todos los viajes dentro del pa\u00eds, alojamiento sencillo, dos o tres comidas diarias, honorarios y otras tarifas de delegaci\u00f3n. No incluye viaje a la delegaci\u00f3n, seguro m\u00e9dico ni tasas de visa, si corresponde.<\/p>\n<p><strong>Protocolos de Covid: <\/strong><a href=\"https:\/\/cpt.org\/wp-content\/uploads\/Protocolo-Covid-para-Delegaciones-en-Colombia-2023.pdf\" target=\"_blank\" rel=\"noopener\">Leer protocolos<\/a><\/p>\n<p><strong>Requisitos de Visa:<\/strong> Antes de solicitar la delegaci\u00f3n, verifique si necesita una visa o una autorizaci\u00f3n de viaje electr\u00f3nica preaprobada. Puede encontrar informaci\u00f3n general sobre los requisitos de visa <a href=\"https:\/\/apply.joinsherpa.com\/travel-restrictions\">aqu\u00ed<\/a>, pero aseg\u00farese de confirmar el tiempo requerido para solicitar una visa y todos los requisitos con la embajada o consulado correspondiente en su pa\u00eds, o el sitio web del gobierno.<\/p>\n<p>Si necesitas apoyo financiero contacta a Adriana Cabrera Vel\u00e1squez a <a href=\"mailto:adrianacv@cpt.org\">adrianacv@cpt.org<\/a><\/p>\n\t\t\t\t\t\t\t\t<\/div>\n\t\t\t\t<\/div>\n\t\t\t\t<div class=\"elementor-element elementor-element-320d0bc elementor-widget elementor-widget-button\" data-id=\"320d0bc\" data-element_type=\"widget\" data-e-type=\"widget\" data-widget_type=\"button.default\">\n\t\t\t\t<div class=\"elementor-widget-container\">\n\t\t\t\t\t\t\t\t\t<div class=\"elementor-button-wrapper\">\n\t\t\t\t\t<a class=\"elementor-button elementor-button-link elementor-size-sm\" href=\"https:\/\/cpt.org\/es\/delegaciones\/aplicar\">\n\t\t\t\t\t\t<span class=\"elementor-button-content-wrapper\">\n\t\t\t\t\t\t\t\t\t<span class=\"elementor-button-text\">Aplicar<\/span>\n\t\t\t\t\t<\/span>\n\t\t\t\t\t<\/a>\n\t\t\t\t<\/div>\n\t\t\t\t\t\t\t\t<\/div>\n\t\t\t\t<\/div>\n\t\t\t\t\t<\/div>\n\t\t<\/div>\n\t\t\t\t\t<\/div>\n\t\t<\/section>\n\t\t\t\t\t<\/div>\n\t\t<\/div>\n\t\t\t\t\t<\/div>\n\t\t<\/section>\n\t\t\t\t<section class=\"elementor-section elementor-top-section elementor-element elementor-element-5578674 elementor-section-boxed elementor-section-height-default elementor-section-height-default\" data-id=\"5578674\" data-element_type=\"section\" data-e-type=\"section\" data-settings=\"{&quot;background_background&quot;:&quot;classic&quot;}\">\n\t\t\t\t\t\t<div class=\"elementor-container elementor-column-gap-default\">\n\t\t\t\t\t<div class=\"elementor-column elementor-col-100 elementor-top-column elementor-element elementor-element-b748e9d\" data-id=\"b748e9d\" data-element_type=\"column\" data-e-type=\"column\" data-settings=\"{&quot;background_background&quot;:&quot;classic&quot;}\">\n\t\t\t<div class=\"elementor-widget-wrap elementor-element-populated\">\n\t\t\t\t\t\t<div class=\"elementor-element elementor-element-6d1b5312 elementor-widget elementor-widget-heading\" data-id=\"6d1b5312\" data-element_type=\"widget\" data-e-type=\"widget\" data-settings=\"{&quot;_animation&quot;:&quot;none&quot;,&quot;_animation_mobile&quot;:&quot;none&quot;}\" data-widget_type=\"heading.default\">\n\t\t\t\t<div class=\"elementor-widget-container\">\n\t\t\t\t\t<h1 class=\"elementor-heading-title elementor-size-default\">\u00a1En ECAP Colombia somos especialistas en organizar delegaciones personalizadas!<\/h1>\t\t\t\t<\/div>\n\t\t\t\t<\/div>\n\t\t\t\t<div class=\"elementor-element elementor-element-09179ea elementor-widget elementor-widget-text-editor\" data-id=\"09179ea\" data-element_type=\"widget\" data-e-type=\"widget\" data-widget_type=\"text-editor.default\">\n\t\t\t\t<div class=\"elementor-widget-container\">\n\t\t\t\t\t\t\t\t\t<p>Si tienes un grupo y quieres venir con tu gente y en tus tiempos, no dudes en <a href=\"mailto:adrianacv@cpt.org\">agendar una videollamada<\/a> y crearemos una delegaci\u00f3n exclusiva para ti.<\/p>\n<p>En nuestras delegaciones personalizadas compartir\u00e1s con comunidades y organizaciones de base que resisten la violencia y la opresi\u00f3n, construyendo paz d\u00eda a d\u00eda. Escuchar\u00e1s directamente sobre su compromiso por una vida digna basada en el respeto a los Derechos Humanos y podr\u00e1s descubrir c\u00f3mo puedes ser parte del cambio. (\u00a1Tambi\u00e9n aprender\u00e1s a dormir en una hamaca y ahuyentar a los mosquitos!!!). Ser\u00e1 una experiencia de aprendizaje transformadora.<\/p>\n<p>Escribe a <a href=\"mailto:adrianacv@cpt.org\"><span data-rich-links=\"{&quot;per_n&quot;:&quot;Adriana Cabrera Vel\u00e1squez&quot;,&quot;per_e&quot;:&quot;adrianacv@cpt.org&quot;,&quot;type&quot;:&quot;person&quot;}\">Adriana Cabrera Vel\u00e1squez<\/span><\/a>, Coordinadora de Apoyo de ECAP Colombia y agenda tu delegaci\u00f3n personalizada. \u00a1Solicita ya tu delegaci\u00f3n personalizada para conocer y apoyar solidariamente a estas comunidades constructoras de paz!<\/p>\n\t\t\t\t\t\t\t\t<\/div>\n\t\t\t\t<\/div>\n\t\t\t\t\t<\/div>\n\t\t<\/div>\n\t\t\t\t\t<\/div>\n\t\t<\/section>\n\t\t\t\t<\/div>\n\t\t","protected":false},"excerpt":{"rendered":"<p>Derechos humanos, dignidad y territorio: Un llamado de las comunidades mineras del Nordeste Antioque\u00f1o. Delegaci\u00f3n biling\u00fce (Espa\u00f1ol-Ingl\u00e9s) December 6 to 14, 2025 Las comunidades mineras y campesinas del Nordeste Antioque\u00f1o enfrentan una nueva escalada de violencia por parte de diferentes grupos armados en su territorio. La falta de implementaci\u00f3n de los Acuerdos de Paz firmados [&hellip;]<\/p>\n","protected":false},"author":9,"featured_media":37422,"parent":25788,"menu_order":0,"comment_status":"closed","ping_status":"closed","template":"","meta":{"footnotes":""},"class_list":["post-31016","page","type-page","status-publish","has-post-thumbnail","hentry"],"yoast_head":"<!-- This site is optimized with the Yoast SEO Premium plugin v27.4 (Yoast SEO v27.4) - https:\/\/yoast.com\/product\/yoast-seo-premium-wordpress\/ -->\n<title>Equipos y Comunidades de Acci\u00f3n por la Paz Delegaciones a Colombia<\/title>\n<meta name=\"description\" content=\"\u00danase a una delegaci\u00f3n de ECAP a Colombia para una experiencia de primera mano del experimento de campo de ECAP en la no violencia.\" \/>\n<meta name=\"robots\" content=\"index, follow, max-snippet:-1, max-image-preview:large, max-video-preview:-1\" \/>\n<link rel=\"canonical\" href=\"https:\/\/cpt.org\/es\/delegaciones\/colombia\" \/>\n<meta property=\"og:locale\" content=\"es_ES\" \/>\n<meta property=\"og:type\" content=\"article\" \/>\n<meta property=\"og:title\" content=\"Delegaci\u00f3n: Derechos humanos, dignidad y territorio. Un llamado de las comunidades mineras del Nordeste Antioque\u00f1o.\" \/>\n<meta property=\"og:description\" content=\"\u00danase a una delegaci\u00f3n de ECAP a Colombia para una experiencia de primera mano del experimento de campo de ECAP en la no violencia.\" \/>\n<meta property=\"og:url\" content=\"https:\/\/cpt.org\/es\/delegaciones\/colombia\" \/>\n<meta property=\"og:site_name\" content=\"Equipos y Comunidades de Acci\u00f3n por la Paz\" \/>\n<meta property=\"article:publisher\" content=\"https:\/\/www.facebook.com\/cpters\" \/>\n<meta property=\"article:modified_time\" content=\"2025-03-19T14:23:13+00:00\" \/>\n<meta property=\"og:image\" content=\"https:\/\/cpt.org\/wp-content\/uploads\/241114-colombia-1024x682.jpg\" \/>\n<meta name=\"twitter:card\" content=\"summary_large_image\" \/>\n<meta name=\"twitter:title\" content=\"Equipos y Comunidades de Acci\u00f3n por la Paz Delegaciones a Colombia\" \/>\n<meta name=\"twitter:description\" content=\"\u00danase a una delegaci\u00f3n de ECAP a Colombia para una experiencia de primera mano del experimento de campo de ECAP en la no violencia.\" \/>\n<meta name=\"twitter:site\" content=\"@cpt_intl\" \/>\n<meta name=\"twitter:label1\" content=\"Tiempo de lectura\" \/>\n\t<meta name=\"twitter:data1\" content=\"5 minutos\" \/>\n<script type=\"application\/ld+json\" class=\"yoast-schema-graph\">{\"@context\":\"https:\\\/\\\/schema.org\",\"@graph\":[{\"@type\":\"WebPage\",\"@id\":\"https:\\\/\\\/cpt.org\\\/es\\\/delegaciones\\\/colombia\",\"url\":\"https:\\\/\\\/cpt.org\\\/es\\\/delegaciones\\\/colombia\",\"name\":\"Equipos y Comunidades de Acci\u00f3n por la Paz Delegaciones a Colombia\",\"isPartOf\":{\"@id\":\"https:\\\/\\\/cpt.org\\\/es#website\"},\"primaryImageOfPage\":{\"@id\":\"https:\\\/\\\/cpt.org\\\/es\\\/delegaciones\\\/colombia#primaryimage\"},\"image\":{\"@id\":\"https:\\\/\\\/cpt.org\\\/es\\\/delegaciones\\\/colombia#primaryimage\"},\"thumbnailUrl\":\"https:\\\/\\\/cpt.org\\\/wp-content\\\/uploads\\\/241114-colombia.jpg\",\"datePublished\":\"2023-01-17T22:08:53+00:00\",\"dateModified\":\"2025-03-19T14:23:13+00:00\",\"description\":\"\u00danase a una delegaci\u00f3n de ECAP a Colombia para una experiencia de primera mano del experimento de campo de ECAP en la no violencia.\",\"breadcrumb\":{\"@id\":\"https:\\\/\\\/cpt.org\\\/es\\\/delegaciones\\\/colombia#breadcrumb\"},\"inLanguage\":\"es\",\"potentialAction\":[{\"@type\":\"ReadAction\",\"target\":[\"https:\\\/\\\/cpt.org\\\/es\\\/delegaciones\\\/colombia\"]}]},{\"@type\":\"ImageObject\",\"inLanguage\":\"es\",\"@id\":\"https:\\\/\\\/cpt.org\\\/es\\\/delegaciones\\\/colombia#primaryimage\",\"url\":\"https:\\\/\\\/cpt.org\\\/wp-content\\\/uploads\\\/241114-colombia.jpg\",\"contentUrl\":\"https:\\\/\\\/cpt.org\\\/wp-content\\\/uploads\\\/241114-colombia.jpg\",\"width\":2000,\"height\":1333,\"caption\":\"a group of women walk in a line in a field\"},{\"@type\":\"BreadcrumbList\",\"@id\":\"https:\\\/\\\/cpt.org\\\/es\\\/delegaciones\\\/colombia#breadcrumb\",\"itemListElement\":[{\"@type\":\"ListItem\",\"position\":1,\"name\":\"Home\",\"item\":\"https:\\\/\\\/cpt.org\\\/es\"},{\"@type\":\"ListItem\",\"position\":2,\"name\":\"Delegaciones\",\"item\":\"https:\\\/\\\/cpt.org\\\/es\\\/delegations\"},{\"@type\":\"ListItem\",\"position\":3,\"name\":\"Delegaciones a Colombia\"}]},{\"@type\":\"WebSite\",\"@id\":\"https:\\\/\\\/cpt.org\\\/es#website\",\"url\":\"https:\\\/\\\/cpt.org\\\/es\",\"name\":\"Equipos y Comunidades de Acci\u00f3n por la Paz\",\"description\":\"Building partnerships to transform violence and oppression\",\"publisher\":{\"@id\":\"https:\\\/\\\/cpt.org\\\/es#organization\"},\"potentialAction\":[{\"@type\":\"SearchAction\",\"target\":{\"@type\":\"EntryPoint\",\"urlTemplate\":\"https:\\\/\\\/cpt.org\\\/es?s={search_term_string}\"},\"query-input\":{\"@type\":\"PropertyValueSpecification\",\"valueRequired\":true,\"valueName\":\"search_term_string\"}}],\"inLanguage\":\"es\"},{\"@type\":\"Organization\",\"@id\":\"https:\\\/\\\/cpt.org\\\/es#organization\",\"name\":\"Equipos y Comunidades de Acci\u00f3n por la Paz\",\"url\":\"https:\\\/\\\/cpt.org\\\/es\",\"logo\":{\"@type\":\"ImageObject\",\"inLanguage\":\"es\",\"@id\":\"https:\\\/\\\/cpt.org\\\/es#\\\/schema\\\/logo\\\/image\\\/\",\"url\":\"https:\\\/\\\/cpt.org\\\/wp-content\\\/uploads\\\/logoCPT-red-2.png\",\"contentUrl\":\"https:\\\/\\\/cpt.org\\\/wp-content\\\/uploads\\\/logoCPT-red-2.png\",\"width\":1730,\"height\":840,\"caption\":\"Equipos y Comunidades de Acci\u00f3n por la Paz\"},\"image\":{\"@id\":\"https:\\\/\\\/cpt.org\\\/es#\\\/schema\\\/logo\\\/image\\\/\"},\"sameAs\":[\"https:\\\/\\\/www.facebook.com\\\/cpters\",\"https:\\\/\\\/x.com\\\/cpt_intl\",\"https:\\\/\\\/www.instagram.com\\\/cpteams\\\/\",\"https:\\\/\\\/www.youtube.com\\\/user\\\/cptvideos\"]}]}<\/script>\n<!-- \/ Yoast SEO Premium plugin. -->","yoast_head_json":{"title":"Equipos y Comunidades de Acci\u00f3n por la Paz Delegaciones a Colombia","description":"\u00danase a una delegaci\u00f3n de ECAP a Colombia para una experiencia de primera mano del experimento de campo de ECAP en la no violencia.","robots":{"index":"index","follow":"follow","max-snippet":"max-snippet:-1","max-image-preview":"max-image-preview:large","max-video-preview":"max-video-preview:-1"},"canonical":"https:\/\/cpt.org\/es\/delegaciones\/colombia","og_locale":"es_ES","og_type":"article","og_title":"Delegaci\u00f3n: Derechos humanos, dignidad y territorio. Un llamado de las comunidades mineras del Nordeste Antioque\u00f1o.","og_description":"\u00danase a una delegaci\u00f3n de ECAP a Colombia para una experiencia de primera mano del experimento de campo de ECAP en la no violencia.","og_url":"https:\/\/cpt.org\/es\/delegaciones\/colombia","og_site_name":"Equipos y Comunidades de Acci\u00f3n por la Paz","article_publisher":"https:\/\/www.facebook.com\/cpters","article_modified_time":"2025-03-19T14:23:13+00:00","og_image":[{"url":"https:\/\/cpt.org\/wp-content\/uploads\/241114-colombia-1024x682.jpg","type":"","width":"","height":""}],"twitter_card":"summary_large_image","twitter_title":"Equipos y Comunidades de Acci\u00f3n por la Paz Delegaciones a Colombia","twitter_description":"\u00danase a una delegaci\u00f3n de ECAP a Colombia para una experiencia de primera mano del experimento de campo de ECAP en la no violencia.","twitter_site":"@cpt_intl","twitter_misc":{"Tiempo de lectura":"5 minutos"},"schema":{"@context":"https:\/\/schema.org","@graph":[{"@type":"WebPage","@id":"https:\/\/cpt.org\/es\/delegaciones\/colombia","url":"https:\/\/cpt.org\/es\/delegaciones\/colombia","name":"Equipos y Comunidades de Acci\u00f3n por la Paz Delegaciones a Colombia","isPartOf":{"@id":"https:\/\/cpt.org\/es#website"},"primaryImageOfPage":{"@id":"https:\/\/cpt.org\/es\/delegaciones\/colombia#primaryimage"},"image":{"@id":"https:\/\/cpt.org\/es\/delegaciones\/colombia#primaryimage"},"thumbnailUrl":"https:\/\/cpt.org\/wp-content\/uploads\/241114-colombia.jpg","datePublished":"2023-01-17T22:08:53+00:00","dateModified":"2025-03-19T14:23:13+00:00","description":"\u00danase a una delegaci\u00f3n de ECAP a Colombia para una experiencia de primera mano del experimento de campo de ECAP en la no violencia.","breadcrumb":{"@id":"https:\/\/cpt.org\/es\/delegaciones\/colombia#breadcrumb"},"inLanguage":"es","potentialAction":[{"@type":"ReadAction","target":["https:\/\/cpt.org\/es\/delegaciones\/colombia"]}]},{"@type":"ImageObject","inLanguage":"es","@id":"https:\/\/cpt.org\/es\/delegaciones\/colombia#primaryimage","url":"https:\/\/cpt.org\/wp-content\/uploads\/241114-colombia.jpg","contentUrl":"https:\/\/cpt.org\/wp-content\/uploads\/241114-colombia.jpg","width":2000,"height":1333,"caption":"a group of women walk in a line in a field"},{"@type":"BreadcrumbList","@id":"https:\/\/cpt.org\/es\/delegaciones\/colombia#breadcrumb","itemListElement":[{"@type":"ListItem","position":1,"name":"Home","item":"https:\/\/cpt.org\/es"},{"@type":"ListItem","position":2,"name":"Delegaciones","item":"https:\/\/cpt.org\/es\/delegations"},{"@type":"ListItem","position":3,"name":"Delegaciones a Colombia"}]},{"@type":"WebSite","@id":"https:\/\/cpt.org\/es#website","url":"https:\/\/cpt.org\/es","name":"Equipos y Comunidades de Acci\u00f3n por la Paz","description":"Building partnerships to transform violence and oppression","publisher":{"@id":"https:\/\/cpt.org\/es#organization"},"potentialAction":[{"@type":"SearchAction","target":{"@type":"EntryPoint","urlTemplate":"https:\/\/cpt.org\/es?s={search_term_string}"},"query-input":{"@type":"PropertyValueSpecification","valueRequired":true,"valueName":"search_term_string"}}],"inLanguage":"es"},{"@type":"Organization","@id":"https:\/\/cpt.org\/es#organization","name":"Equipos y Comunidades de Acci\u00f3n por la Paz","url":"https:\/\/cpt.org\/es","logo":{"@type":"ImageObject","inLanguage":"es","@id":"https:\/\/cpt.org\/es#\/schema\/logo\/image\/","url":"https:\/\/cpt.org\/wp-content\/uploads\/logoCPT-red-2.png","contentUrl":"https:\/\/cpt.org\/wp-content\/uploads\/logoCPT-red-2.png","width":1730,"height":840,"caption":"Equipos y Comunidades de Acci\u00f3n por la Paz"},"image":{"@id":"https:\/\/cpt.org\/es#\/schema\/logo\/image\/"},"sameAs":["https:\/\/www.facebook.com\/cpters","https:\/\/x.com\/cpt_intl","https:\/\/www.instagram.com\/cpteams\/","https:\/\/www.youtube.com\/user\/cptvideos"]}]}},"_links":{"self":[{"href":"https:\/\/cpt.org\/es\/wp-json\/wp\/v2\/pages\/31016","targetHints":{"allow":["GET"]}}],"collection":[{"href":"https:\/\/cpt.org\/es\/wp-json\/wp\/v2\/pages"}],"about":[{"href":"https:\/\/cpt.org\/es\/wp-json\/wp\/v2\/types\/page"}],"author":[{"embeddable":true,"href":"https:\/\/cpt.org\/es\/wp-json\/wp\/v2\/users\/9"}],"replies":[{"embeddable":true,"href":"https:\/\/cpt.org\/es\/wp-json\/wp\/v2\/comments?post=31016"}],"version-history":[{"count":49,"href":"https:\/\/cpt.org\/es\/wp-json\/wp\/v2\/pages\/31016\/revisions"}],"predecessor-version":[{"id":38414,"href":"https:\/\/cpt.org\/es\/wp-json\/wp\/v2\/pages\/31016\/revisions\/38414"}],"up":[{"embeddable":true,"href":"https:\/\/cpt.org\/es\/wp-json\/wp\/v2\/pages\/25788"}],"wp:featuredmedia":[{"embeddable":true,"href":"https:\/\/cpt.org\/es\/wp-json\/wp\/v2\/media\/37422"}],"wp:attachment":[{"href":"https:\/\/cpt.org\/es\/wp-json\/wp\/v2\/media?parent=31016"}],"curies":[{"name":"wp","href":"https:\/\/api.w.org\/{rel}","templated":true}]}}