{"id":31302,"date":"2023-02-06T15:05:35","date_gmt":"2023-02-06T21:05:35","guid":{"rendered":"https:\/\/cpt.org\/quienes-somos\/identidad-y-membresia"},"modified":"2023-02-06T15:05:35","modified_gmt":"2023-02-06T21:05:35","slug":"identidad-y-membresia","status":"publish","type":"page","link":"https:\/\/cpt.org\/es\/quienes-somos\/identidad-y-membresia","title":{"rendered":"Identidad y Membres\u00eda"},"content":{"rendered":"\t\t<div data-elementor-type=\"wp-page\" data-elementor-id=\"31302\" class=\"elementor elementor-31302 elementor-7990\" data-elementor-post-type=\"page\">\n\t\t\t\t\t\t<section class=\"elementor-section elementor-top-section elementor-element elementor-element-6a4ae17 elementor-section-boxed elementor-section-height-default elementor-section-height-default\" data-id=\"6a4ae17\" data-element_type=\"section\" data-e-type=\"section\">\n\t\t\t\t\t\t<div class=\"elementor-container elementor-column-gap-default\">\n\t\t\t\t\t<div class=\"elementor-column elementor-col-100 elementor-top-column elementor-element elementor-element-32d092b\" data-id=\"32d092b\" data-element_type=\"column\" data-e-type=\"column\">\n\t\t\t<div class=\"elementor-widget-wrap elementor-element-populated\">\n\t\t\t\t\t\t<div class=\"elementor-element elementor-element-71cbb47 elementor-widget elementor-widget-heading\" data-id=\"71cbb47\" data-element_type=\"widget\" data-e-type=\"widget\" data-widget_type=\"heading.default\">\n\t\t\t\t<div class=\"elementor-widget-container\">\n\t\t\t\t\t<h2 class=\"elementor-heading-title elementor-size-default\">Declaraci\u00f3n de Identidad <\/h2>\t\t\t\t<\/div>\n\t\t\t\t<\/div>\n\t\t\t\t<div class=\"elementor-element elementor-element-edcc064 elementor-widget elementor-widget-text-editor\" data-id=\"edcc064\" data-element_type=\"widget\" data-e-type=\"widget\" data-widget_type=\"text-editor.default\">\n\t\t\t\t<div class=\"elementor-widget-container\">\n\t\t\t\t\t\t\t\t\t<p>Equipos y Comunidades de Acci\u00f3n por la Paz \/ECAP) es una organizaci\u00f3n reunida en el Esp\u00edritu del Amor Liberador. Entendiendo que la violencia est\u00e1 arraigada en la opresi\u00f3n sist\u00e9mica, ECAP expresa la no-violencia creativa en la lucha para transformar las estructuras de dominaci\u00f3n. Como personas integrantes de ECAP, estamos comprometidas a deshacer las opresiones en nuestras propias vidas y en las pr\u00e1cticas de nuestra organizaci\u00f3n. Honramos la presencia de las tradiciones de fe y la espiritualidad en tanto que creamos una cultura organizacional que refleja la rica diversidad de la familia humana. Inspiradas por generaciones de personas trabajadoras por la paz alrededor del mundo, hacemos alianzas con comunidades y organizaciones para fortalecer las iniciativas de base por la paz.<\/p>\n\t\t\t\t\t\t\t\t<\/div>\n\t\t\t\t<\/div>\n\t\t\t\t<div class=\"elementor-element elementor-element-54343ae elementor-widget elementor-widget-heading\" data-id=\"54343ae\" data-element_type=\"widget\" data-e-type=\"widget\" data-widget_type=\"heading.default\">\n\t\t\t\t<div class=\"elementor-widget-container\">\n\t\t\t\t\t<h2 class=\"elementor-heading-title elementor-size-default\">Pol\u00edtica de Membres\u00eda<\/h2>\t\t\t\t<\/div>\n\t\t\t\t<\/div>\n\t\t\t\t<div class=\"elementor-element elementor-element-8b468e6 elementor-widget elementor-widget-text-editor\" data-id=\"8b468e6\" data-element_type=\"widget\" data-e-type=\"widget\" data-widget_type=\"text-editor.default\">\n\t\t\t\t<div class=\"elementor-widget-container\">\n\t\t\t\t\t\t\t\t\t<p>Equipos y Comunidades de Acci\u00f3n por la Paz (ECAP) da la bienvenida a personas trabajadoras por la paz que acogen la no-violencia creativa y el amor liberador en la lucha para transformar la violencia y la opresi\u00f3n. ECAP invita a personas mayores de 21 a\u00f1os que est\u00e9n preparadas para trabajar por la paz, en condiciones que pueden involucrar rigor f\u00edsico, comunicaci\u00f3n en situaciones de crisis y exposici\u00f3n a violencia y trauma. Estamos comprometidas con la formaci\u00f3n de equipos de personas trabajadoras por la paz que reflejan la rica diversidad de la familia humana en habilidad, edad, ciudadan\u00eda, clase, color, etnia, identidad de g\u00e9nero, estatus migratorio y familiar, lenguaje, origen nacional y social, raza, orientaci\u00f3n sexual y tradiciones religiosas, espirituales y de fe. ECAP opera dentro de un marco de deshacer opresiones que examina las din\u00e1micas de poder y el privilegio en todo nuestro trabajo.<\/p>\n\t\t\t\t\t\t\t\t<\/div>\n\t\t\t\t<\/div>\n\t\t\t\t\t<\/div>\n\t\t<\/div>\n\t\t\t\t\t<\/div>\n\t\t<\/section>\n\t\t\t\t<\/div>\n\t\t","protected":false},"excerpt":{"rendered":"<p>Declaraci\u00f3n de Identidad Equipos y Comunidades de Acci\u00f3n por la Paz \/ECAP) es una organizaci\u00f3n reunida en el Esp\u00edritu del Amor Liberador. Entendiendo que la violencia est\u00e1 arraigada en la opresi\u00f3n sist\u00e9mica, ECAP expresa la no-violencia creativa en la lucha para transformar las estructuras de dominaci\u00f3n. Como personas integrantes de ECAP, estamos comprometidas a deshacer [&hellip;]<\/p>\n","protected":false},"author":6,"featured_media":31298,"parent":25844,"menu_order":0,"comment_status":"closed","ping_status":"closed","template":"","meta":{"footnotes":""},"class_list":["post-31302","page","type-page","status-publish","has-post-thumbnail","hentry"],"yoast_head":"<!-- This site is optimized with the Yoast SEO Premium plugin v27.5 (Yoast SEO v27.5) - https:\/\/yoast.com\/product\/yoast-seo-premium-wordpress\/ -->\n<title>Identidad y Membres\u00eda | Equipos y Comunidades de Acci\u00f3n por la Paz<\/title>\n<meta name=\"description\" content=\"La Declaraci\u00f3n de Identidad y Pol\u00edtica de Membres\u00eda para los Equipos y Comunidades de Acci\u00f3n por la Paz (ECAP).\" \/>\n<meta name=\"robots\" content=\"index, follow, max-snippet:-1, max-image-preview:large, max-video-preview:-1\" \/>\n<link rel=\"canonical\" href=\"https:\/\/cpt.org\/es\/quienes-somos\/identidad-y-membresia\" \/>\n<meta property=\"og:locale\" content=\"es_ES\" \/>\n<meta property=\"og:type\" content=\"article\" \/>\n<meta property=\"og:title\" content=\"Identidad y Membres\u00eda | Equipos y Comunidades de Acci\u00f3n por la Paz\" \/>\n<meta property=\"og:description\" content=\"La Declaraci\u00f3n de Identidad y Pol\u00edtica de Membres\u00eda para los Equipos y Comunidades de Acci\u00f3n por la Paz (ECAP).\" \/>\n<meta property=\"og:url\" content=\"https:\/\/cpt.org\/es\/quienes-somos\/identidad-y-membresia\" \/>\n<meta property=\"og:site_name\" content=\"Equipos y Comunidades de Acci\u00f3n por la Paz\" \/>\n<meta property=\"article:publisher\" content=\"https:\/\/www.facebook.com\/cpters\" \/>\n<meta property=\"og:image\" content=\"https:\/\/cpt.org\/wp-content\/uploads\/230206-palestine-2.jpg\" \/>\n\t<meta property=\"og:image:width\" content=\"2000\" \/>\n\t<meta property=\"og:image:height\" content=\"1333\" \/>\n\t<meta property=\"og:image:type\" content=\"image\/jpeg\" \/>\n<meta name=\"twitter:card\" content=\"summary_large_image\" \/>\n<meta name=\"twitter:title\" content=\"Identidad y Membres\u00eda | Equipos y Comunidades de Acci\u00f3n por la Paz\" \/>\n<meta name=\"twitter:description\" content=\"La Declaraci\u00f3n de Identidad y Pol\u00edtica de Membres\u00eda para los Equipos y Comunidades de Acci\u00f3n por la Paz (ECAP).\" \/>\n<meta name=\"twitter:site\" content=\"@cpt_intl\" \/>\n<meta name=\"twitter:label1\" content=\"Tiempo de lectura\" \/>\n\t<meta name=\"twitter:data1\" content=\"1 minuto\" \/>\n<script type=\"application\/ld+json\" class=\"yoast-schema-graph\">{\"@context\":\"https:\\\/\\\/schema.org\",\"@graph\":[{\"@type\":\"WebPage\",\"@id\":\"https:\\\/\\\/cpt.org\\\/es\\\/quienes-somos\\\/identidad-y-membresia\",\"url\":\"https:\\\/\\\/cpt.org\\\/es\\\/quienes-somos\\\/identidad-y-membresia\",\"name\":\"Identidad y Membres\u00eda | Equipos y Comunidades de Acci\u00f3n por la Paz\",\"isPartOf\":{\"@id\":\"https:\\\/\\\/cpt.org\\\/es#website\"},\"primaryImageOfPage\":{\"@id\":\"https:\\\/\\\/cpt.org\\\/es\\\/quienes-somos\\\/identidad-y-membresia#primaryimage\"},\"image\":{\"@id\":\"https:\\\/\\\/cpt.org\\\/es\\\/quienes-somos\\\/identidad-y-membresia#primaryimage\"},\"thumbnailUrl\":\"https:\\\/\\\/cpt.org\\\/wp-content\\\/uploads\\\/230206-palestine-2.jpg\",\"datePublished\":\"2023-02-06T21:05:35+00:00\",\"description\":\"La Declaraci\u00f3n de Identidad y Pol\u00edtica de Membres\u00eda para los Equipos y Comunidades de Acci\u00f3n por la Paz (ECAP).\",\"breadcrumb\":{\"@id\":\"https:\\\/\\\/cpt.org\\\/es\\\/quienes-somos\\\/identidad-y-membresia#breadcrumb\"},\"inLanguage\":\"es\",\"potentialAction\":[{\"@type\":\"ReadAction\",\"target\":[\"https:\\\/\\\/cpt.org\\\/es\\\/quienes-somos\\\/identidad-y-membresia\"]}]},{\"@type\":\"ImageObject\",\"inLanguage\":\"es\",\"@id\":\"https:\\\/\\\/cpt.org\\\/es\\\/quienes-somos\\\/identidad-y-membresia#primaryimage\",\"url\":\"https:\\\/\\\/cpt.org\\\/wp-content\\\/uploads\\\/230206-palestine-2.jpg\",\"contentUrl\":\"https:\\\/\\\/cpt.org\\\/wp-content\\\/uploads\\\/230206-palestine-2.jpg\",\"width\":2000,\"height\":1333},{\"@type\":\"BreadcrumbList\",\"@id\":\"https:\\\/\\\/cpt.org\\\/es\\\/quienes-somos\\\/identidad-y-membresia#breadcrumb\",\"itemListElement\":[{\"@type\":\"ListItem\",\"position\":1,\"name\":\"Home\",\"item\":\"https:\\\/\\\/cpt.org\\\/es\"},{\"@type\":\"ListItem\",\"position\":2,\"name\":\"Qui\u00e9nes Somos\",\"item\":\"https:\\\/\\\/cpt.org\\\/es\\\/about\"},{\"@type\":\"ListItem\",\"position\":3,\"name\":\"Identidad y Membres\u00eda\"}]},{\"@type\":\"WebSite\",\"@id\":\"https:\\\/\\\/cpt.org\\\/es#website\",\"url\":\"https:\\\/\\\/cpt.org\\\/es\",\"name\":\"Equipos y Comunidades de Acci\u00f3n por la Paz\",\"description\":\"Building partnerships to transform violence and oppression\",\"publisher\":{\"@id\":\"https:\\\/\\\/cpt.org\\\/es#organization\"},\"potentialAction\":[{\"@type\":\"SearchAction\",\"target\":{\"@type\":\"EntryPoint\",\"urlTemplate\":\"https:\\\/\\\/cpt.org\\\/es?s={search_term_string}\"},\"query-input\":{\"@type\":\"PropertyValueSpecification\",\"valueRequired\":true,\"valueName\":\"search_term_string\"}}],\"inLanguage\":\"es\"},{\"@type\":\"Organization\",\"@id\":\"https:\\\/\\\/cpt.org\\\/es#organization\",\"name\":\"Equipos y Comunidades de Acci\u00f3n por la Paz\",\"url\":\"https:\\\/\\\/cpt.org\\\/es\",\"logo\":{\"@type\":\"ImageObject\",\"inLanguage\":\"es\",\"@id\":\"https:\\\/\\\/cpt.org\\\/es#\\\/schema\\\/logo\\\/image\\\/\",\"url\":\"https:\\\/\\\/cpt.org\\\/wp-content\\\/uploads\\\/logoCPT-red-2.png\",\"contentUrl\":\"https:\\\/\\\/cpt.org\\\/wp-content\\\/uploads\\\/logoCPT-red-2.png\",\"width\":1730,\"height\":840,\"caption\":\"Equipos y Comunidades de Acci\u00f3n por la Paz\"},\"image\":{\"@id\":\"https:\\\/\\\/cpt.org\\\/es#\\\/schema\\\/logo\\\/image\\\/\"},\"sameAs\":[\"https:\\\/\\\/www.facebook.com\\\/cpters\",\"https:\\\/\\\/x.com\\\/cpt_intl\",\"https:\\\/\\\/www.instagram.com\\\/cpteams\\\/\",\"https:\\\/\\\/www.youtube.com\\\/user\\\/cptvideos\"]}]}<\/script>\n<!-- \/ Yoast SEO Premium plugin. -->","yoast_head_json":{"title":"Identidad y Membres\u00eda | Equipos y Comunidades de Acci\u00f3n por la Paz","description":"La Declaraci\u00f3n de Identidad y Pol\u00edtica de Membres\u00eda para los Equipos y Comunidades de Acci\u00f3n por la Paz (ECAP).","robots":{"index":"index","follow":"follow","max-snippet":"max-snippet:-1","max-image-preview":"max-image-preview:large","max-video-preview":"max-video-preview:-1"},"canonical":"https:\/\/cpt.org\/es\/quienes-somos\/identidad-y-membresia","og_locale":"es_ES","og_type":"article","og_title":"Identidad y Membres\u00eda | Equipos y Comunidades de Acci\u00f3n por la Paz","og_description":"La Declaraci\u00f3n de Identidad y Pol\u00edtica de Membres\u00eda para los Equipos y Comunidades de Acci\u00f3n por la Paz (ECAP).","og_url":"https:\/\/cpt.org\/es\/quienes-somos\/identidad-y-membresia","og_site_name":"Equipos y Comunidades de Acci\u00f3n por la Paz","article_publisher":"https:\/\/www.facebook.com\/cpters","og_image":[{"width":2000,"height":1333,"url":"https:\/\/cpt.org\/wp-content\/uploads\/230206-palestine-2.jpg","type":"image\/jpeg"}],"twitter_card":"summary_large_image","twitter_title":"Identidad y Membres\u00eda | Equipos y Comunidades de Acci\u00f3n por la Paz","twitter_description":"La Declaraci\u00f3n de Identidad y Pol\u00edtica de Membres\u00eda para los Equipos y Comunidades de Acci\u00f3n por la Paz (ECAP).","twitter_site":"@cpt_intl","twitter_misc":{"Tiempo de lectura":"1 minuto"},"schema":{"@context":"https:\/\/schema.org","@graph":[{"@type":"WebPage","@id":"https:\/\/cpt.org\/es\/quienes-somos\/identidad-y-membresia","url":"https:\/\/cpt.org\/es\/quienes-somos\/identidad-y-membresia","name":"Identidad y Membres\u00eda | Equipos y Comunidades de Acci\u00f3n por la Paz","isPartOf":{"@id":"https:\/\/cpt.org\/es#website"},"primaryImageOfPage":{"@id":"https:\/\/cpt.org\/es\/quienes-somos\/identidad-y-membresia#primaryimage"},"image":{"@id":"https:\/\/cpt.org\/es\/quienes-somos\/identidad-y-membresia#primaryimage"},"thumbnailUrl":"https:\/\/cpt.org\/wp-content\/uploads\/230206-palestine-2.jpg","datePublished":"2023-02-06T21:05:35+00:00","description":"La Declaraci\u00f3n de Identidad y Pol\u00edtica de Membres\u00eda para los Equipos y Comunidades de Acci\u00f3n por la Paz (ECAP).","breadcrumb":{"@id":"https:\/\/cpt.org\/es\/quienes-somos\/identidad-y-membresia#breadcrumb"},"inLanguage":"es","potentialAction":[{"@type":"ReadAction","target":["https:\/\/cpt.org\/es\/quienes-somos\/identidad-y-membresia"]}]},{"@type":"ImageObject","inLanguage":"es","@id":"https:\/\/cpt.org\/es\/quienes-somos\/identidad-y-membresia#primaryimage","url":"https:\/\/cpt.org\/wp-content\/uploads\/230206-palestine-2.jpg","contentUrl":"https:\/\/cpt.org\/wp-content\/uploads\/230206-palestine-2.jpg","width":2000,"height":1333},{"@type":"BreadcrumbList","@id":"https:\/\/cpt.org\/es\/quienes-somos\/identidad-y-membresia#breadcrumb","itemListElement":[{"@type":"ListItem","position":1,"name":"Home","item":"https:\/\/cpt.org\/es"},{"@type":"ListItem","position":2,"name":"Qui\u00e9nes Somos","item":"https:\/\/cpt.org\/es\/about"},{"@type":"ListItem","position":3,"name":"Identidad y Membres\u00eda"}]},{"@type":"WebSite","@id":"https:\/\/cpt.org\/es#website","url":"https:\/\/cpt.org\/es","name":"Equipos y Comunidades de Acci\u00f3n por la Paz","description":"Building partnerships to transform violence and oppression","publisher":{"@id":"https:\/\/cpt.org\/es#organization"},"potentialAction":[{"@type":"SearchAction","target":{"@type":"EntryPoint","urlTemplate":"https:\/\/cpt.org\/es?s={search_term_string}"},"query-input":{"@type":"PropertyValueSpecification","valueRequired":true,"valueName":"search_term_string"}}],"inLanguage":"es"},{"@type":"Organization","@id":"https:\/\/cpt.org\/es#organization","name":"Equipos y Comunidades de Acci\u00f3n por la Paz","url":"https:\/\/cpt.org\/es","logo":{"@type":"ImageObject","inLanguage":"es","@id":"https:\/\/cpt.org\/es#\/schema\/logo\/image\/","url":"https:\/\/cpt.org\/wp-content\/uploads\/logoCPT-red-2.png","contentUrl":"https:\/\/cpt.org\/wp-content\/uploads\/logoCPT-red-2.png","width":1730,"height":840,"caption":"Equipos y Comunidades de Acci\u00f3n por la Paz"},"image":{"@id":"https:\/\/cpt.org\/es#\/schema\/logo\/image\/"},"sameAs":["https:\/\/www.facebook.com\/cpters","https:\/\/x.com\/cpt_intl","https:\/\/www.instagram.com\/cpteams\/","https:\/\/www.youtube.com\/user\/cptvideos"]}]}},"_links":{"self":[{"href":"https:\/\/cpt.org\/es\/wp-json\/wp\/v2\/pages\/31302","targetHints":{"allow":["GET"]}}],"collection":[{"href":"https:\/\/cpt.org\/es\/wp-json\/wp\/v2\/pages"}],"about":[{"href":"https:\/\/cpt.org\/es\/wp-json\/wp\/v2\/types\/page"}],"author":[{"embeddable":true,"href":"https:\/\/cpt.org\/es\/wp-json\/wp\/v2\/users\/6"}],"replies":[{"embeddable":true,"href":"https:\/\/cpt.org\/es\/wp-json\/wp\/v2\/comments?post=31302"}],"version-history":[{"count":1,"href":"https:\/\/cpt.org\/es\/wp-json\/wp\/v2\/pages\/31302\/revisions"}],"predecessor-version":[{"id":31303,"href":"https:\/\/cpt.org\/es\/wp-json\/wp\/v2\/pages\/31302\/revisions\/31303"}],"up":[{"embeddable":true,"href":"https:\/\/cpt.org\/es\/wp-json\/wp\/v2\/pages\/25844"}],"wp:featuredmedia":[{"embeddable":true,"href":"https:\/\/cpt.org\/es\/wp-json\/wp\/v2\/media\/31298"}],"wp:attachment":[{"href":"https:\/\/cpt.org\/es\/wp-json\/wp\/v2\/media?parent=31302"}],"curies":[{"name":"wp","href":"https:\/\/api.w.org\/{rel}","templated":true}]}}