{"id":35271,"date":"2024-02-26T02:29:21","date_gmt":"2024-02-26T08:29:21","guid":{"rendered":"https:\/\/cpt.org\/delegaciones\/sesion-informativa-sobre-las-delegaciones"},"modified":"2024-02-29T04:27:08","modified_gmt":"2024-02-29T10:27:08","slug":"sesion-informativa-sobre-las-delegaciones","status":"publish","type":"page","link":"https:\/\/cpt.org\/es\/delegaciones\/sesion-informativa-sobre-las-delegaciones","title":{"rendered":"Sesi\u00f3n Informativa sobre las Delegaciones"},"content":{"rendered":"\t\t<div data-elementor-type=\"wp-page\" data-elementor-id=\"35271\" class=\"elementor elementor-35271 elementor-35209\" data-elementor-post-type=\"page\">\n\t\t\t\t\t\t<section class=\"elementor-section elementor-top-section elementor-element elementor-element-0b119a5 elementor-section-boxed elementor-section-height-default elementor-section-height-default\" data-id=\"0b119a5\" data-element_type=\"section\" data-e-type=\"section\">\n\t\t\t\t\t\t<div class=\"elementor-container elementor-column-gap-default\">\n\t\t\t\t\t<div class=\"elementor-column elementor-col-100 elementor-top-column elementor-element elementor-element-6af8872\" data-id=\"6af8872\" data-element_type=\"column\" data-e-type=\"column\">\n\t\t\t<div class=\"elementor-widget-wrap elementor-element-populated\">\n\t\t\t\t\t\t<div class=\"elementor-element elementor-element-42c00ee elementor-widget elementor-widget-heading\" data-id=\"42c00ee\" data-element_type=\"widget\" data-e-type=\"widget\" data-widget_type=\"heading.default\">\n\t\t\t\t<div class=\"elementor-widget-container\">\n\t\t\t\t\t<h2 class=\"elementor-heading-title elementor-size-default\">Sesi\u00f3n Informativa sobre las Delegaciones<\/h2>\t\t\t\t<\/div>\n\t\t\t\t<\/div>\n\t\t\t\t\t<\/div>\n\t\t<\/div>\n\t\t\t\t\t<\/div>\n\t\t<\/section>\n\t\t\t\t<section class=\"elementor-section elementor-top-section elementor-element elementor-element-9b1fcf4 elementor-section-boxed elementor-section-height-default elementor-section-height-default\" data-id=\"9b1fcf4\" data-element_type=\"section\" data-e-type=\"section\">\n\t\t\t\t\t\t<div class=\"elementor-container elementor-column-gap-default\">\n\t\t\t\t\t<div class=\"elementor-column elementor-col-50 elementor-top-column elementor-element elementor-element-e78006f\" data-id=\"e78006f\" data-element_type=\"column\" data-e-type=\"column\">\n\t\t\t<div class=\"elementor-widget-wrap elementor-element-populated\">\n\t\t\t\t\t\t<div class=\"elementor-element elementor-element-3962ccd elementor-widget elementor-widget-image\" data-id=\"3962ccd\" data-element_type=\"widget\" data-e-type=\"widget\" data-widget_type=\"image.default\">\n\t\t\t\t<div class=\"elementor-widget-container\">\n\t\t\t\t\t\t\t\t\t\t\t\t\t\t\t<img fetchpriority=\"high\" decoding=\"async\" width=\"800\" height=\"533\" src=\"https:\/\/cpt.org\/wp-content\/uploads\/240221-borderlands-1024x682.jpg\" class=\"attachment-large size-large wp-image-35215\" alt=\"\" srcset=\"https:\/\/cpt.org\/wp-content\/uploads\/240221-borderlands-1024x682.jpg 1024w, https:\/\/cpt.org\/wp-content\/uploads\/240221-borderlands-300x200.jpg 300w, https:\/\/cpt.org\/wp-content\/uploads\/240221-borderlands-768x512.jpg 768w, https:\/\/cpt.org\/wp-content\/uploads\/240221-borderlands.jpg 1217w\" sizes=\"(max-width: 800px) 100vw, 800px\" \/>\t\t\t\t\t\t\t\t\t\t\t\t\t\t\t<\/div>\n\t\t\t\t<\/div>\n\t\t\t\t\t<\/div>\n\t\t<\/div>\n\t\t\t\t<div class=\"elementor-column elementor-col-50 elementor-top-column elementor-element elementor-element-4e059bf\" data-id=\"4e059bf\" data-element_type=\"column\" data-e-type=\"column\">\n\t\t\t<div class=\"elementor-widget-wrap elementor-element-populated\">\n\t\t\t\t\t\t<div class=\"elementor-element elementor-element-29869c6 elementor-widget elementor-widget-heading\" data-id=\"29869c6\" data-element_type=\"widget\" data-e-type=\"widget\" data-widget_type=\"heading.default\">\n\t\t\t\t<div class=\"elementor-widget-container\">\n\t\t\t\t\t<h2 class=\"elementor-heading-title elementor-size-default\">S\u00e1bado, 9 de marzo, 2024<\/h2>\t\t\t\t<\/div>\n\t\t\t\t<\/div>\n\t\t\t\t<div class=\"elementor-element elementor-element-f72cf92 elementor-widget elementor-widget-heading\" data-id=\"f72cf92\" data-element_type=\"widget\" data-e-type=\"widget\" data-widget_type=\"heading.default\">\n\t\t\t\t<div class=\"elementor-widget-container\">\n\t\t\t\t\t<h2 class=\"elementor-heading-title elementor-size-default\">10 am Central | 6 pm Hebron | 7 pm Sulaymaniyah<\/h2>\t\t\t\t<\/div>\n\t\t\t\t<\/div>\n\t\t\t\t<div class=\"elementor-element elementor-element-44200f4 elementor-button-align-stretch elementor-widget elementor-widget-form\" data-id=\"44200f4\" data-element_type=\"widget\" data-e-type=\"widget\" data-settings=\"{&quot;button_width&quot;:&quot;33&quot;,&quot;step_next_label&quot;:&quot;Pr\\u00f3xima&quot;,&quot;step_previous_label&quot;:&quot;Previa&quot;,&quot;step_type&quot;:&quot;number_text&quot;,&quot;step_icon_shape&quot;:&quot;circle&quot;}\" data-widget_type=\"form.default\">\n\t\t\t\t<div class=\"elementor-widget-container\">\n\t\t\t\t\t\t\t<form class=\"elementor-form\" method=\"post\" name=\"Sesi\u00f3n Informativa sobre las Delegaciones\" aria-label=\"Sesi\u00f3n Informativa sobre las Delegaciones\">\n\t\t\t<input type=\"hidden\" name=\"post_id\" value=\"35271\"\/>\n\t\t\t<input type=\"hidden\" name=\"form_id\" value=\"44200f4\"\/>\n\t\t\t<input type=\"hidden\" name=\"referer_title\" value=\"Sesi\u00f3n Informativa sobre las Delegaciones | Equipos y Comunidades de Acci\u00f3n por la Paz\" \/>\n\n\t\t\t\t\t\t\t<input type=\"hidden\" name=\"queried_id\" value=\"35271\"\/>\n\t\t\t\n\t\t\t<div class=\"elementor-form-fields-wrapper elementor-labels-\">\n\t\t\t\t\t\t\t\t<div class=\"elementor-field-type-text elementor-field-group elementor-column elementor-field-group-fname elementor-col-100 elementor-field-required\">\n\t\t\t\t\t\t\t\t\t\t\t\t<label for=\"form-field-fname\" class=\"elementor-field-label elementor-screen-only\">\n\t\t\t\t\t\t\t\tFirst Name\t\t\t\t\t\t\t<\/label>\n\t\t\t\t\t\t\t\t\t\t\t\t\t\t<input size=\"1\" type=\"text\" name=\"form_fields[fname]\" id=\"form-field-fname\" class=\"elementor-field elementor-size-md  elementor-field-textual\" placeholder=\"Nombre\" required=\"required\">\n\t\t\t\t\t\t\t\t\t\t\t<\/div>\n\t\t\t\t\t\t\t\t<div class=\"elementor-field-type-text elementor-field-group elementor-column elementor-field-group-lname elementor-col-100 elementor-field-required\">\n\t\t\t\t\t\t\t\t\t\t\t\t<label for=\"form-field-lname\" class=\"elementor-field-label elementor-screen-only\">\n\t\t\t\t\t\t\t\tLast name\t\t\t\t\t\t\t<\/label>\n\t\t\t\t\t\t\t\t\t\t\t\t\t\t<input size=\"1\" type=\"text\" name=\"form_fields[lname]\" id=\"form-field-lname\" class=\"elementor-field elementor-size-md  elementor-field-textual\" placeholder=\"Apellido\" required=\"required\">\n\t\t\t\t\t\t\t\t\t\t\t<\/div>\n\t\t\t\t\t\t\t\t<div class=\"elementor-field-type-email elementor-field-group elementor-column elementor-field-group-email elementor-col-100 elementor-field-required\">\n\t\t\t\t\t\t\t\t\t\t\t\t<label for=\"form-field-email\" class=\"elementor-field-label elementor-screen-only\">\n\t\t\t\t\t\t\t\tEmail\t\t\t\t\t\t\t<\/label>\n\t\t\t\t\t\t\t\t\t\t\t\t\t\t<input size=\"1\" type=\"email\" name=\"form_fields[email]\" id=\"form-field-email\" class=\"elementor-field elementor-size-md  elementor-field-textual\" placeholder=\"Correo\" required=\"required\">\n\t\t\t\t\t\t\t\t\t\t\t<\/div>\n\t\t\t\t\t\t\t\t<div class=\"elementor-field-type-text elementor-field-group elementor-column elementor-field-group-country elementor-col-100 elementor-field-required\">\n\t\t\t\t\t\t\t\t\t\t\t\t<label for=\"form-field-country\" class=\"elementor-field-label elementor-screen-only\">\n\t\t\t\t\t\t\t\tCountry\t\t\t\t\t\t\t<\/label>\n\t\t\t\t\t\t\t\t\t\t\t\t\t\t<input size=\"1\" type=\"text\" name=\"form_fields[country]\" id=\"form-field-country\" class=\"elementor-field elementor-size-md  elementor-field-textual\" placeholder=\"Pa\u00eds\" required=\"required\">\n\t\t\t\t\t\t\t\t\t\t\t<\/div>\n\t\t\t\t\t\t\t\t<div class=\"elementor-field-type-recaptcha_v3 elementor-field-group elementor-column elementor-field-group-field_eb35826 elementor-col-100 recaptcha_v3-bottomright\">\n\t\t\t\t\t<div class=\"elementor-field\" id=\"form-field-field_eb35826\"><div class=\"elementor-g-recaptcha\" data-sitekey=\"6LdXdSMeAAAAAHz9wv7EFg3J94e00ElvfQlm_Fhn\" data-type=\"v3\" data-action=\"Form\" data-badge=\"bottomright\" data-size=\"invisible\"><\/div><\/div>\t\t\t\t<\/div>\n\t\t\t\t\t\t\t\t<div class=\"elementor-field-type-html elementor-field-group elementor-column elementor-field-group-field_a992bcf elementor-col-100\">\n\t\t\t\t\tEste sitio est\u00e1 protegido por reCAPTCHA y se aplican la <a href=\"https:\/\/policies.google.com\/privacy\">Pol\u00edtica de privacidad<\/a> y los <a href=\"https:\/\/policies.google.com\/terms\">T\u00e9rminos de servicio<\/a> de Google.\t\t\t\t<\/div>\n\t\t\t\t\t\t\t\t<div class=\"elementor-field-group elementor-column elementor-field-type-submit elementor-col-33 e-form__buttons\">\n\t\t\t\t\t<button class=\"elementor-button elementor-size-md\" type=\"submit\">\n\t\t\t\t\t\t<span class=\"elementor-button-content-wrapper\">\n\t\t\t\t\t\t\t\t\t\t\t\t\t\t\t\t\t\t\t\t\t\t<span class=\"elementor-button-text\">Registro<\/span>\n\t\t\t\t\t\t\t\t\t\t\t\t\t<\/span>\n\t\t\t\t\t<\/button>\n\t\t\t\t<\/div>\n\t\t\t<\/div>\n\t\t<\/form>\n\t\t\t\t\t\t<\/div>\n\t\t\t\t<\/div>\n\t\t\t\t\t<\/div>\n\t\t<\/div>\n\t\t\t\t\t<\/div>\n\t\t<\/section>\n\t\t\t\t<section class=\"elementor-section elementor-top-section elementor-element elementor-element-79a567e elementor-section-boxed elementor-section-height-default elementor-section-height-default\" data-id=\"79a567e\" data-element_type=\"section\" data-e-type=\"section\">\n\t\t\t\t\t\t<div class=\"elementor-container elementor-column-gap-default\">\n\t\t\t\t\t<div class=\"elementor-column elementor-col-100 elementor-top-column elementor-element elementor-element-b123dae\" data-id=\"b123dae\" data-element_type=\"column\" data-e-type=\"column\">\n\t\t\t<div class=\"elementor-widget-wrap elementor-element-populated\">\n\t\t\t\t\t\t<div class=\"elementor-element elementor-element-1e4342c elementor-widget elementor-widget-text-editor\" data-id=\"1e4342c\" data-element_type=\"widget\" data-e-type=\"widget\" data-widget_type=\"text-editor.default\">\n\t\t\t\t<div class=\"elementor-widget-container\">\n\t\t\t\t\t\t\t\t\t<p>S\u00e9 testigo directo de una acci\u00f3n por la paz no violenta: \u00a1\u00danete a una delegaci\u00f3n de los Equipos y Comunidades de Acci\u00f3n por la Paz!<\/p>\n<p>\u00bfTe apasionan la paz y la justicia? \u00bfAnhelas una experiencia de inmersi\u00f3n que desaf\u00ede tu perspectiva y te capacite para actuar? \u00danete a una delegaci\u00f3n de ECAP para situaciones de crisis alrededor del mundo que te cambiar\u00e1 la vida.<\/p>\n<p>En esta sesi\u00f3n informativa, responderemos a todas tus preguntas sobre las delegaciones de ECAP. Escuchar\u00e1s a los miembros del equipo ECAP hablar de lo que significa:<\/p>\n<p><strong>Viajar junto a trabajadores por la paz con experiencia:<\/strong> Escuchar\u00e1s testimonios de primera mano de delegaciones en Palestina, Colombia, la frontera entre Estados Unidos y M\u00e9xico, Kurdist\u00e1n Iraqu\u00ed, Lesbos e Isla Tortuga.<\/p>\n<p><strong>Descubrir el poder de la no violencia:<\/strong> Conocer\u00e1s el enfoque \u00fanico de ECAP para la resoluci\u00f3n de conflictos, basado en la presencia activa, la solidaridad y el acompa\u00f1amiento.<\/p>\n<p><strong>Detectar oportunidades para la acci\u00f3n:<\/strong> Explorar\u00e1s c\u00f3mo participar en una delegaci\u00f3n, c\u00f3mo apoyar el trabajo de ECAP y c\u00f3mo convertirte en una persona que trabaja por la paz en tu comunidad.<\/p>\n<p>Inicia tu camino hacia el trabajo por la paz y descubre c\u00f3mo tus habilidades y pasiones pueden contribuir a un cambio positivo.<\/p>\n<p>\u00danete a esta sesi\u00f3n informativa sobre las delegaciones.<\/p>\n\t\t\t\t\t\t\t\t<\/div>\n\t\t\t\t<\/div>\n\t\t\t\t\t<\/div>\n\t\t<\/div>\n\t\t\t\t\t<\/div>\n\t\t<\/section>\n\t\t\t\t<\/div>\n\t\t","protected":false},"excerpt":{"rendered":"<p>\u00bfTe apasionan la paz y la justicia? \u00bfAnhelas una experiencia de inmersi\u00f3n que desaf\u00ede tu perspectiva y te capacite para actuar?<\/p>\n","protected":false},"author":6,"featured_media":35215,"parent":25788,"menu_order":0,"comment_status":"closed","ping_status":"closed","template":"","meta":{"footnotes":""},"class_list":["post-35271","page","type-page","status-publish","has-post-thumbnail","hentry"],"yoast_head":"<!-- This site is optimized with the Yoast SEO Premium plugin v27.5 (Yoast SEO v27.5) - https:\/\/yoast.com\/product\/yoast-seo-premium-wordpress\/ -->\n<title>Sesi\u00f3n Informativa sobre las Delegaciones | Equipos y Comunidades de Acci\u00f3n por la Paz<\/title>\n<meta name=\"description\" content=\"\u00bfTe apasionan la paz y la justicia? \u00bfAnhelas una experiencia de inmersi\u00f3n que desaf\u00ede tu perspectiva y te capacite para actuar?\" \/>\n<meta name=\"robots\" content=\"index, follow, max-snippet:-1, max-image-preview:large, max-video-preview:-1\" \/>\n<link rel=\"canonical\" href=\"https:\/\/cpt.org\/es\/delegaciones\/sesion-informativa-sobre-las-delegaciones\" \/>\n<meta property=\"og:locale\" content=\"es_ES\" \/>\n<meta property=\"og:type\" content=\"article\" \/>\n<meta property=\"og:title\" content=\"Sesi\u00f3n Informativa sobre las Delegaciones | Equipos y Comunidades de Acci\u00f3n por la Paz\" \/>\n<meta property=\"og:description\" content=\"\u00bfTe apasionan la paz y la justicia? \u00bfAnhelas una experiencia de inmersi\u00f3n que desaf\u00ede tu perspectiva y te capacite para actuar?\" \/>\n<meta property=\"og:url\" content=\"https:\/\/cpt.org\/es\/delegaciones\/sesion-informativa-sobre-las-delegaciones\" \/>\n<meta property=\"og:site_name\" content=\"Equipos y Comunidades de Acci\u00f3n por la Paz\" \/>\n<meta property=\"article:publisher\" content=\"https:\/\/www.facebook.com\/cpters\" \/>\n<meta property=\"article:modified_time\" content=\"2024-02-29T10:27:08+00:00\" \/>\n<meta property=\"og:image\" content=\"https:\/\/cpt.org\/wp-content\/uploads\/240221-borderlands-1024x682.jpg\" \/>\n<meta name=\"twitter:card\" content=\"summary_large_image\" \/>\n<meta name=\"twitter:title\" content=\"Sesi\u00f3n Informativa sobre las Delegaciones | Equipos y Comunidades de Acci\u00f3n por la Paz\" \/>\n<meta name=\"twitter:description\" content=\"\u00bfTe apasionan la paz y la justicia? \u00bfAnhelas una experiencia de inmersi\u00f3n que desaf\u00ede tu perspectiva y te capacite para actuar?\" \/>\n<meta name=\"twitter:site\" content=\"@cpt_intl\" \/>\n<meta name=\"twitter:label1\" content=\"Tiempo de lectura\" \/>\n\t<meta name=\"twitter:data1\" content=\"2 minutos\" \/>\n<script type=\"application\/ld+json\" class=\"yoast-schema-graph\">{\"@context\":\"https:\\\/\\\/schema.org\",\"@graph\":[{\"@type\":\"WebPage\",\"@id\":\"https:\\\/\\\/cpt.org\\\/es\\\/delegaciones\\\/sesion-informativa-sobre-las-delegaciones\",\"url\":\"https:\\\/\\\/cpt.org\\\/es\\\/delegaciones\\\/sesion-informativa-sobre-las-delegaciones\",\"name\":\"Sesi\u00f3n Informativa sobre las Delegaciones | Equipos y Comunidades de Acci\u00f3n por la Paz\",\"isPartOf\":{\"@id\":\"https:\\\/\\\/cpt.org\\\/es#website\"},\"primaryImageOfPage\":{\"@id\":\"https:\\\/\\\/cpt.org\\\/es\\\/delegaciones\\\/sesion-informativa-sobre-las-delegaciones#primaryimage\"},\"image\":{\"@id\":\"https:\\\/\\\/cpt.org\\\/es\\\/delegaciones\\\/sesion-informativa-sobre-las-delegaciones#primaryimage\"},\"thumbnailUrl\":\"https:\\\/\\\/cpt.org\\\/wp-content\\\/uploads\\\/240221-borderlands.jpg\",\"datePublished\":\"2024-02-26T08:29:21+00:00\",\"dateModified\":\"2024-02-29T10:27:08+00:00\",\"description\":\"\u00bfTe apasionan la paz y la justicia? \u00bfAnhelas una experiencia de inmersi\u00f3n que desaf\u00ede tu perspectiva y te capacite para actuar?\",\"breadcrumb\":{\"@id\":\"https:\\\/\\\/cpt.org\\\/es\\\/delegaciones\\\/sesion-informativa-sobre-las-delegaciones#breadcrumb\"},\"inLanguage\":\"es\",\"potentialAction\":[{\"@type\":\"ReadAction\",\"target\":[\"https:\\\/\\\/cpt.org\\\/es\\\/delegaciones\\\/sesion-informativa-sobre-las-delegaciones\"]}]},{\"@type\":\"ImageObject\",\"inLanguage\":\"es\",\"@id\":\"https:\\\/\\\/cpt.org\\\/es\\\/delegaciones\\\/sesion-informativa-sobre-las-delegaciones#primaryimage\",\"url\":\"https:\\\/\\\/cpt.org\\\/wp-content\\\/uploads\\\/240221-borderlands.jpg\",\"contentUrl\":\"https:\\\/\\\/cpt.org\\\/wp-content\\\/uploads\\\/240221-borderlands.jpg\",\"width\":1217,\"height\":811},{\"@type\":\"BreadcrumbList\",\"@id\":\"https:\\\/\\\/cpt.org\\\/es\\\/delegaciones\\\/sesion-informativa-sobre-las-delegaciones#breadcrumb\",\"itemListElement\":[{\"@type\":\"ListItem\",\"position\":1,\"name\":\"Home\",\"item\":\"https:\\\/\\\/cpt.org\\\/es\"},{\"@type\":\"ListItem\",\"position\":2,\"name\":\"Delegaciones\",\"item\":\"https:\\\/\\\/cpt.org\\\/es\\\/delegations\"},{\"@type\":\"ListItem\",\"position\":3,\"name\":\"Sesi\u00f3n Informativa sobre las Delegaciones\"}]},{\"@type\":\"WebSite\",\"@id\":\"https:\\\/\\\/cpt.org\\\/es#website\",\"url\":\"https:\\\/\\\/cpt.org\\\/es\",\"name\":\"Equipos y Comunidades de Acci\u00f3n por la Paz\",\"description\":\"Building partnerships to transform violence and oppression\",\"publisher\":{\"@id\":\"https:\\\/\\\/cpt.org\\\/es#organization\"},\"potentialAction\":[{\"@type\":\"SearchAction\",\"target\":{\"@type\":\"EntryPoint\",\"urlTemplate\":\"https:\\\/\\\/cpt.org\\\/es?s={search_term_string}\"},\"query-input\":{\"@type\":\"PropertyValueSpecification\",\"valueRequired\":true,\"valueName\":\"search_term_string\"}}],\"inLanguage\":\"es\"},{\"@type\":\"Organization\",\"@id\":\"https:\\\/\\\/cpt.org\\\/es#organization\",\"name\":\"Equipos y Comunidades de Acci\u00f3n por la Paz\",\"url\":\"https:\\\/\\\/cpt.org\\\/es\",\"logo\":{\"@type\":\"ImageObject\",\"inLanguage\":\"es\",\"@id\":\"https:\\\/\\\/cpt.org\\\/es#\\\/schema\\\/logo\\\/image\\\/\",\"url\":\"https:\\\/\\\/cpt.org\\\/wp-content\\\/uploads\\\/logoCPT-red-2.png\",\"contentUrl\":\"https:\\\/\\\/cpt.org\\\/wp-content\\\/uploads\\\/logoCPT-red-2.png\",\"width\":1730,\"height\":840,\"caption\":\"Equipos y Comunidades de Acci\u00f3n por la Paz\"},\"image\":{\"@id\":\"https:\\\/\\\/cpt.org\\\/es#\\\/schema\\\/logo\\\/image\\\/\"},\"sameAs\":[\"https:\\\/\\\/www.facebook.com\\\/cpters\",\"https:\\\/\\\/x.com\\\/cpt_intl\",\"https:\\\/\\\/www.instagram.com\\\/cpteams\\\/\",\"https:\\\/\\\/www.youtube.com\\\/user\\\/cptvideos\"]}]}<\/script>\n<!-- \/ Yoast SEO Premium plugin. -->","yoast_head_json":{"title":"Sesi\u00f3n Informativa sobre las Delegaciones | Equipos y Comunidades de Acci\u00f3n por la Paz","description":"\u00bfTe apasionan la paz y la justicia? \u00bfAnhelas una experiencia de inmersi\u00f3n que desaf\u00ede tu perspectiva y te capacite para actuar?","robots":{"index":"index","follow":"follow","max-snippet":"max-snippet:-1","max-image-preview":"max-image-preview:large","max-video-preview":"max-video-preview:-1"},"canonical":"https:\/\/cpt.org\/es\/delegaciones\/sesion-informativa-sobre-las-delegaciones","og_locale":"es_ES","og_type":"article","og_title":"Sesi\u00f3n Informativa sobre las Delegaciones | Equipos y Comunidades de Acci\u00f3n por la Paz","og_description":"\u00bfTe apasionan la paz y la justicia? \u00bfAnhelas una experiencia de inmersi\u00f3n que desaf\u00ede tu perspectiva y te capacite para actuar?","og_url":"https:\/\/cpt.org\/es\/delegaciones\/sesion-informativa-sobre-las-delegaciones","og_site_name":"Equipos y Comunidades de Acci\u00f3n por la Paz","article_publisher":"https:\/\/www.facebook.com\/cpters","article_modified_time":"2024-02-29T10:27:08+00:00","og_image":[{"url":"https:\/\/cpt.org\/wp-content\/uploads\/240221-borderlands-1024x682.jpg","type":"","width":"","height":""}],"twitter_card":"summary_large_image","twitter_title":"Sesi\u00f3n Informativa sobre las Delegaciones | Equipos y Comunidades de Acci\u00f3n por la Paz","twitter_description":"\u00bfTe apasionan la paz y la justicia? \u00bfAnhelas una experiencia de inmersi\u00f3n que desaf\u00ede tu perspectiva y te capacite para actuar?","twitter_site":"@cpt_intl","twitter_misc":{"Tiempo de lectura":"2 minutos"},"schema":{"@context":"https:\/\/schema.org","@graph":[{"@type":"WebPage","@id":"https:\/\/cpt.org\/es\/delegaciones\/sesion-informativa-sobre-las-delegaciones","url":"https:\/\/cpt.org\/es\/delegaciones\/sesion-informativa-sobre-las-delegaciones","name":"Sesi\u00f3n Informativa sobre las Delegaciones | Equipos y Comunidades de Acci\u00f3n por la Paz","isPartOf":{"@id":"https:\/\/cpt.org\/es#website"},"primaryImageOfPage":{"@id":"https:\/\/cpt.org\/es\/delegaciones\/sesion-informativa-sobre-las-delegaciones#primaryimage"},"image":{"@id":"https:\/\/cpt.org\/es\/delegaciones\/sesion-informativa-sobre-las-delegaciones#primaryimage"},"thumbnailUrl":"https:\/\/cpt.org\/wp-content\/uploads\/240221-borderlands.jpg","datePublished":"2024-02-26T08:29:21+00:00","dateModified":"2024-02-29T10:27:08+00:00","description":"\u00bfTe apasionan la paz y la justicia? \u00bfAnhelas una experiencia de inmersi\u00f3n que desaf\u00ede tu perspectiva y te capacite para actuar?","breadcrumb":{"@id":"https:\/\/cpt.org\/es\/delegaciones\/sesion-informativa-sobre-las-delegaciones#breadcrumb"},"inLanguage":"es","potentialAction":[{"@type":"ReadAction","target":["https:\/\/cpt.org\/es\/delegaciones\/sesion-informativa-sobre-las-delegaciones"]}]},{"@type":"ImageObject","inLanguage":"es","@id":"https:\/\/cpt.org\/es\/delegaciones\/sesion-informativa-sobre-las-delegaciones#primaryimage","url":"https:\/\/cpt.org\/wp-content\/uploads\/240221-borderlands.jpg","contentUrl":"https:\/\/cpt.org\/wp-content\/uploads\/240221-borderlands.jpg","width":1217,"height":811},{"@type":"BreadcrumbList","@id":"https:\/\/cpt.org\/es\/delegaciones\/sesion-informativa-sobre-las-delegaciones#breadcrumb","itemListElement":[{"@type":"ListItem","position":1,"name":"Home","item":"https:\/\/cpt.org\/es"},{"@type":"ListItem","position":2,"name":"Delegaciones","item":"https:\/\/cpt.org\/es\/delegations"},{"@type":"ListItem","position":3,"name":"Sesi\u00f3n Informativa sobre las Delegaciones"}]},{"@type":"WebSite","@id":"https:\/\/cpt.org\/es#website","url":"https:\/\/cpt.org\/es","name":"Equipos y Comunidades de Acci\u00f3n por la Paz","description":"Building partnerships to transform violence and oppression","publisher":{"@id":"https:\/\/cpt.org\/es#organization"},"potentialAction":[{"@type":"SearchAction","target":{"@type":"EntryPoint","urlTemplate":"https:\/\/cpt.org\/es?s={search_term_string}"},"query-input":{"@type":"PropertyValueSpecification","valueRequired":true,"valueName":"search_term_string"}}],"inLanguage":"es"},{"@type":"Organization","@id":"https:\/\/cpt.org\/es#organization","name":"Equipos y Comunidades de Acci\u00f3n por la Paz","url":"https:\/\/cpt.org\/es","logo":{"@type":"ImageObject","inLanguage":"es","@id":"https:\/\/cpt.org\/es#\/schema\/logo\/image\/","url":"https:\/\/cpt.org\/wp-content\/uploads\/logoCPT-red-2.png","contentUrl":"https:\/\/cpt.org\/wp-content\/uploads\/logoCPT-red-2.png","width":1730,"height":840,"caption":"Equipos y Comunidades de Acci\u00f3n por la Paz"},"image":{"@id":"https:\/\/cpt.org\/es#\/schema\/logo\/image\/"},"sameAs":["https:\/\/www.facebook.com\/cpters","https:\/\/x.com\/cpt_intl","https:\/\/www.instagram.com\/cpteams\/","https:\/\/www.youtube.com\/user\/cptvideos"]}]}},"_links":{"self":[{"href":"https:\/\/cpt.org\/es\/wp-json\/wp\/v2\/pages\/35271","targetHints":{"allow":["GET"]}}],"collection":[{"href":"https:\/\/cpt.org\/es\/wp-json\/wp\/v2\/pages"}],"about":[{"href":"https:\/\/cpt.org\/es\/wp-json\/wp\/v2\/types\/page"}],"author":[{"embeddable":true,"href":"https:\/\/cpt.org\/es\/wp-json\/wp\/v2\/users\/6"}],"replies":[{"embeddable":true,"href":"https:\/\/cpt.org\/es\/wp-json\/wp\/v2\/comments?post=35271"}],"version-history":[{"count":9,"href":"https:\/\/cpt.org\/es\/wp-json\/wp\/v2\/pages\/35271\/revisions"}],"predecessor-version":[{"id":35342,"href":"https:\/\/cpt.org\/es\/wp-json\/wp\/v2\/pages\/35271\/revisions\/35342"}],"up":[{"embeddable":true,"href":"https:\/\/cpt.org\/es\/wp-json\/wp\/v2\/pages\/25788"}],"wp:featuredmedia":[{"embeddable":true,"href":"https:\/\/cpt.org\/es\/wp-json\/wp\/v2\/media\/35215"}],"wp:attachment":[{"href":"https:\/\/cpt.org\/es\/wp-json\/wp\/v2\/media?parent=35271"}],"curies":[{"name":"wp","href":"https:\/\/api.w.org\/{rel}","templated":true}]}}