{"id":37389,"date":"2024-11-07T22:58:36","date_gmt":"2024-11-08T04:58:36","guid":{"rendered":"https:\/\/cpt.org\/puestos-vacantes"},"modified":"2025-04-10T13:22:40","modified_gmt":"2025-04-10T18:22:40","slug":"puestos-vacantes","status":"publish","type":"page","link":"https:\/\/cpt.org\/es\/puestos-vacantes","title":{"rendered":"Puestos vacantes"},"content":{"rendered":"\t\t<div data-elementor-type=\"wp-page\" data-elementor-id=\"37389\" class=\"elementor elementor-37389 elementor-37356\" data-elementor-post-type=\"page\">\n\t\t\t\t\t\t<section class=\"elementor-section elementor-top-section elementor-element elementor-element-d5be5ce elementor-section-boxed elementor-section-height-default elementor-section-height-default\" data-id=\"d5be5ce\" data-element_type=\"section\" data-e-type=\"section\">\n\t\t\t\t\t\t<div class=\"elementor-container elementor-column-gap-default\">\n\t\t\t\t\t<div class=\"elementor-column elementor-col-100 elementor-top-column elementor-element elementor-element-c261b89\" data-id=\"c261b89\" data-element_type=\"column\" data-e-type=\"column\">\n\t\t\t<div class=\"elementor-widget-wrap elementor-element-populated\">\n\t\t\t\t\t\t<div class=\"elementor-element elementor-element-5f5b2dc elementor-widget elementor-widget-heading\" data-id=\"5f5b2dc\" data-element_type=\"widget\" data-e-type=\"widget\" data-widget_type=\"heading.default\">\n\t\t\t\t<div class=\"elementor-widget-container\">\n\t\t\t\t\t<h2 class=\"elementor-heading-title elementor-size-default\">Puestos vacantes<\/h2>\t\t\t\t<\/div>\n\t\t\t\t<\/div>\n\t\t\t\t<div class=\"elementor-element elementor-element-2f52579 elementor-widget elementor-widget-text-editor\" data-id=\"2f52579\" data-element_type=\"widget\" data-e-type=\"widget\" data-widget_type=\"text-editor.default\">\n\t\t\t\t<div class=\"elementor-widget-container\">\n\t\t\t\t\t\t\t\t\t<p>Actualmente no hay vacantes de empleo.<\/p>\n\t\t\t\t\t\t\t\t<\/div>\n\t\t\t\t<\/div>\n\t\t\t\t\t<\/div>\n\t\t<\/div>\n\t\t\t\t\t<\/div>\n\t\t<\/section>\n\t\t\t\t<\/div>\n\t\t","protected":false},"excerpt":{"rendered":"<p>Puestos vacantes Actualmente no hay vacantes de empleo.<\/p>\n","protected":false},"author":6,"featured_media":24530,"parent":0,"menu_order":0,"comment_status":"closed","ping_status":"closed","template":"","meta":{"footnotes":""},"class_list":["post-37389","page","type-page","status-publish","has-post-thumbnail","hentry"],"yoast_head":"<!-- This site is optimized with the Yoast SEO Premium plugin v27.3 (Yoast SEO v27.3) - https:\/\/yoast.com\/product\/yoast-seo-premium-wordpress\/ -->\n<title>Puestos vacantes | Equipos y Comunidades de Acci\u00f3n por la Paz<\/title>\n<meta name=\"description\" content=\"Equipos y Comunidades de Acci\u00f3n por la Paz construye alianzas para transformar la violencia y la opresi\u00f3n. M\u00e1s de 35 a\u00f1os de acci\u00f3n por la paz y la justicia.\" \/>\n<meta name=\"robots\" content=\"index, follow, max-snippet:-1, max-image-preview:large, max-video-preview:-1\" \/>\n<link rel=\"canonical\" href=\"https:\/\/cpt.org\/es\/puestos-vacantes\" \/>\n<meta property=\"og:locale\" content=\"es_ES\" \/>\n<meta property=\"og:type\" content=\"article\" \/>\n<meta property=\"og:title\" content=\"Puestos vacantes\" \/>\n<meta property=\"og:description\" content=\"Equipos y Comunidades de Acci\u00f3n por la Paz construye alianzas para transformar la violencia y la opresi\u00f3n. M\u00e1s de 35 a\u00f1os de acci\u00f3n por la paz y la justicia.\" \/>\n<meta property=\"og:url\" content=\"https:\/\/cpt.org\/es\/puestos-vacantes\" \/>\n<meta property=\"og:site_name\" content=\"Equipos y Comunidades de Acci\u00f3n por la Paz\" \/>\n<meta property=\"article:publisher\" content=\"https:\/\/www.facebook.com\/cpters\" \/>\n<meta property=\"article:modified_time\" content=\"2025-04-10T18:22:40+00:00\" \/>\n<meta property=\"og:image\" content=\"https:\/\/cpt.org\/wp-content\/uploads\/logoCPT-red-2.png\" \/>\n\t<meta property=\"og:image:width\" content=\"1730\" \/>\n\t<meta property=\"og:image:height\" content=\"840\" \/>\n\t<meta property=\"og:image:type\" content=\"image\/png\" \/>\n<meta name=\"twitter:card\" content=\"summary_large_image\" \/>\n<meta name=\"twitter:site\" content=\"@cpt_intl\" \/>\n<meta name=\"twitter:label1\" content=\"Tiempo de lectura\" \/>\n\t<meta name=\"twitter:data1\" content=\"1 minuto\" \/>\n<script type=\"application\/ld+json\" class=\"yoast-schema-graph\">{\"@context\":\"https:\\\/\\\/schema.org\",\"@graph\":[{\"@type\":\"WebPage\",\"@id\":\"https:\\\/\\\/cpt.org\\\/es\\\/puestos-vacantes\",\"url\":\"https:\\\/\\\/cpt.org\\\/es\\\/puestos-vacantes\",\"name\":\"Puestos vacantes | Equipos y Comunidades de Acci\u00f3n por la Paz\",\"isPartOf\":{\"@id\":\"https:\\\/\\\/cpt.org\\\/es#website\"},\"primaryImageOfPage\":{\"@id\":\"https:\\\/\\\/cpt.org\\\/es\\\/puestos-vacantes#primaryimage\"},\"image\":{\"@id\":\"https:\\\/\\\/cpt.org\\\/es\\\/puestos-vacantes#primaryimage\"},\"thumbnailUrl\":\"https:\\\/\\\/cpt.org\\\/wp-content\\\/uploads\\\/logoCPT-red-2.png\",\"datePublished\":\"2024-11-08T04:58:36+00:00\",\"dateModified\":\"2025-04-10T18:22:40+00:00\",\"description\":\"Equipos y Comunidades de Acci\u00f3n por la Paz construye alianzas para transformar la violencia y la opresi\u00f3n. M\u00e1s de 35 a\u00f1os de acci\u00f3n por la paz y la justicia.\",\"breadcrumb\":{\"@id\":\"https:\\\/\\\/cpt.org\\\/es\\\/puestos-vacantes#breadcrumb\"},\"inLanguage\":\"es\",\"potentialAction\":[{\"@type\":\"ReadAction\",\"target\":[\"https:\\\/\\\/cpt.org\\\/es\\\/puestos-vacantes\"]}]},{\"@type\":\"ImageObject\",\"inLanguage\":\"es\",\"@id\":\"https:\\\/\\\/cpt.org\\\/es\\\/puestos-vacantes#primaryimage\",\"url\":\"https:\\\/\\\/cpt.org\\\/wp-content\\\/uploads\\\/logoCPT-red-2.png\",\"contentUrl\":\"https:\\\/\\\/cpt.org\\\/wp-content\\\/uploads\\\/logoCPT-red-2.png\",\"width\":1730,\"height\":840},{\"@type\":\"BreadcrumbList\",\"@id\":\"https:\\\/\\\/cpt.org\\\/es\\\/puestos-vacantes#breadcrumb\",\"itemListElement\":[{\"@type\":\"ListItem\",\"position\":1,\"name\":\"Home\",\"item\":\"https:\\\/\\\/cpt.org\\\/es\"},{\"@type\":\"ListItem\",\"position\":2,\"name\":\"Puestos vacantes\"}]},{\"@type\":\"WebSite\",\"@id\":\"https:\\\/\\\/cpt.org\\\/es#website\",\"url\":\"https:\\\/\\\/cpt.org\\\/es\",\"name\":\"Equipos y Comunidades de Acci\u00f3n por la Paz\",\"description\":\"Building partnerships to transform violence and oppression\",\"publisher\":{\"@id\":\"https:\\\/\\\/cpt.org\\\/es#organization\"},\"potentialAction\":[{\"@type\":\"SearchAction\",\"target\":{\"@type\":\"EntryPoint\",\"urlTemplate\":\"https:\\\/\\\/cpt.org\\\/es?s={search_term_string}\"},\"query-input\":{\"@type\":\"PropertyValueSpecification\",\"valueRequired\":true,\"valueName\":\"search_term_string\"}}],\"inLanguage\":\"es\"},{\"@type\":\"Organization\",\"@id\":\"https:\\\/\\\/cpt.org\\\/es#organization\",\"name\":\"Equipos y Comunidades de Acci\u00f3n por la Paz\",\"url\":\"https:\\\/\\\/cpt.org\\\/es\",\"logo\":{\"@type\":\"ImageObject\",\"inLanguage\":\"es\",\"@id\":\"https:\\\/\\\/cpt.org\\\/es#\\\/schema\\\/logo\\\/image\\\/\",\"url\":\"https:\\\/\\\/cpt.org\\\/wp-content\\\/uploads\\\/logoCPT-red-2.png\",\"contentUrl\":\"https:\\\/\\\/cpt.org\\\/wp-content\\\/uploads\\\/logoCPT-red-2.png\",\"width\":1730,\"height\":840,\"caption\":\"Equipos y Comunidades de Acci\u00f3n por la Paz\"},\"image\":{\"@id\":\"https:\\\/\\\/cpt.org\\\/es#\\\/schema\\\/logo\\\/image\\\/\"},\"sameAs\":[\"https:\\\/\\\/www.facebook.com\\\/cpters\",\"https:\\\/\\\/x.com\\\/cpt_intl\",\"https:\\\/\\\/www.instagram.com\\\/cpteams\\\/\",\"https:\\\/\\\/www.youtube.com\\\/user\\\/cptvideos\"]}]}<\/script>\n<!-- \/ Yoast SEO Premium plugin. -->","yoast_head_json":{"title":"Puestos vacantes | Equipos y Comunidades de Acci\u00f3n por la Paz","description":"Equipos y Comunidades de Acci\u00f3n por la Paz construye alianzas para transformar la violencia y la opresi\u00f3n. M\u00e1s de 35 a\u00f1os de acci\u00f3n por la paz y la justicia.","robots":{"index":"index","follow":"follow","max-snippet":"max-snippet:-1","max-image-preview":"max-image-preview:large","max-video-preview":"max-video-preview:-1"},"canonical":"https:\/\/cpt.org\/es\/puestos-vacantes","og_locale":"es_ES","og_type":"article","og_title":"Puestos vacantes","og_description":"Equipos y Comunidades de Acci\u00f3n por la Paz construye alianzas para transformar la violencia y la opresi\u00f3n. M\u00e1s de 35 a\u00f1os de acci\u00f3n por la paz y la justicia.","og_url":"https:\/\/cpt.org\/es\/puestos-vacantes","og_site_name":"Equipos y Comunidades de Acci\u00f3n por la Paz","article_publisher":"https:\/\/www.facebook.com\/cpters","article_modified_time":"2025-04-10T18:22:40+00:00","og_image":[{"width":1730,"height":840,"url":"https:\/\/cpt.org\/wp-content\/uploads\/logoCPT-red-2.png","type":"image\/png"}],"twitter_card":"summary_large_image","twitter_site":"@cpt_intl","twitter_misc":{"Tiempo de lectura":"1 minuto"},"schema":{"@context":"https:\/\/schema.org","@graph":[{"@type":"WebPage","@id":"https:\/\/cpt.org\/es\/puestos-vacantes","url":"https:\/\/cpt.org\/es\/puestos-vacantes","name":"Puestos vacantes | Equipos y Comunidades de Acci\u00f3n por la Paz","isPartOf":{"@id":"https:\/\/cpt.org\/es#website"},"primaryImageOfPage":{"@id":"https:\/\/cpt.org\/es\/puestos-vacantes#primaryimage"},"image":{"@id":"https:\/\/cpt.org\/es\/puestos-vacantes#primaryimage"},"thumbnailUrl":"https:\/\/cpt.org\/wp-content\/uploads\/logoCPT-red-2.png","datePublished":"2024-11-08T04:58:36+00:00","dateModified":"2025-04-10T18:22:40+00:00","description":"Equipos y Comunidades de Acci\u00f3n por la Paz construye alianzas para transformar la violencia y la opresi\u00f3n. M\u00e1s de 35 a\u00f1os de acci\u00f3n por la paz y la justicia.","breadcrumb":{"@id":"https:\/\/cpt.org\/es\/puestos-vacantes#breadcrumb"},"inLanguage":"es","potentialAction":[{"@type":"ReadAction","target":["https:\/\/cpt.org\/es\/puestos-vacantes"]}]},{"@type":"ImageObject","inLanguage":"es","@id":"https:\/\/cpt.org\/es\/puestos-vacantes#primaryimage","url":"https:\/\/cpt.org\/wp-content\/uploads\/logoCPT-red-2.png","contentUrl":"https:\/\/cpt.org\/wp-content\/uploads\/logoCPT-red-2.png","width":1730,"height":840},{"@type":"BreadcrumbList","@id":"https:\/\/cpt.org\/es\/puestos-vacantes#breadcrumb","itemListElement":[{"@type":"ListItem","position":1,"name":"Home","item":"https:\/\/cpt.org\/es"},{"@type":"ListItem","position":2,"name":"Puestos vacantes"}]},{"@type":"WebSite","@id":"https:\/\/cpt.org\/es#website","url":"https:\/\/cpt.org\/es","name":"Equipos y Comunidades de Acci\u00f3n por la Paz","description":"Building partnerships to transform violence and oppression","publisher":{"@id":"https:\/\/cpt.org\/es#organization"},"potentialAction":[{"@type":"SearchAction","target":{"@type":"EntryPoint","urlTemplate":"https:\/\/cpt.org\/es?s={search_term_string}"},"query-input":{"@type":"PropertyValueSpecification","valueRequired":true,"valueName":"search_term_string"}}],"inLanguage":"es"},{"@type":"Organization","@id":"https:\/\/cpt.org\/es#organization","name":"Equipos y Comunidades de Acci\u00f3n por la Paz","url":"https:\/\/cpt.org\/es","logo":{"@type":"ImageObject","inLanguage":"es","@id":"https:\/\/cpt.org\/es#\/schema\/logo\/image\/","url":"https:\/\/cpt.org\/wp-content\/uploads\/logoCPT-red-2.png","contentUrl":"https:\/\/cpt.org\/wp-content\/uploads\/logoCPT-red-2.png","width":1730,"height":840,"caption":"Equipos y Comunidades de Acci\u00f3n por la Paz"},"image":{"@id":"https:\/\/cpt.org\/es#\/schema\/logo\/image\/"},"sameAs":["https:\/\/www.facebook.com\/cpters","https:\/\/x.com\/cpt_intl","https:\/\/www.instagram.com\/cpteams\/","https:\/\/www.youtube.com\/user\/cptvideos"]}]}},"_links":{"self":[{"href":"https:\/\/cpt.org\/es\/wp-json\/wp\/v2\/pages\/37389","targetHints":{"allow":["GET"]}}],"collection":[{"href":"https:\/\/cpt.org\/es\/wp-json\/wp\/v2\/pages"}],"about":[{"href":"https:\/\/cpt.org\/es\/wp-json\/wp\/v2\/types\/page"}],"author":[{"embeddable":true,"href":"https:\/\/cpt.org\/es\/wp-json\/wp\/v2\/users\/6"}],"replies":[{"embeddable":true,"href":"https:\/\/cpt.org\/es\/wp-json\/wp\/v2\/comments?post=37389"}],"version-history":[{"count":13,"href":"https:\/\/cpt.org\/es\/wp-json\/wp\/v2\/pages\/37389\/revisions"}],"predecessor-version":[{"id":38568,"href":"https:\/\/cpt.org\/es\/wp-json\/wp\/v2\/pages\/37389\/revisions\/38568"}],"wp:featuredmedia":[{"embeddable":true,"href":"https:\/\/cpt.org\/es\/wp-json\/wp\/v2\/media\/24530"}],"wp:attachment":[{"href":"https:\/\/cpt.org\/es\/wp-json\/wp\/v2\/media?parent=37389"}],"curies":[{"name":"wp","href":"https:\/\/api.w.org\/{rel}","templated":true}]}}