{"id":8026,"date":"2020-12-28T07:56:46","date_gmt":"2020-12-28T12:56:46","guid":{"rendered":"https:\/\/cpt.org\/equipo-de-justicia-aborigen-de-ecap"},"modified":"2021-01-04T17:00:26","modified_gmt":"2021-01-04T22:00:26","slug":"equipo-de-justicia-aborigen-de-ecap","status":"publish","type":"page","link":"https:\/\/cpt.org\/es\/equipo-de-justicia-aborigen-de-ecap","title":{"rendered":"Equipo de justicia ind\u00edgena"},"content":{"rendered":"<p style=\"\"><img decoding=\"async\" style=\"float:left\" src=\"https:\/\/cpt-org.cftvgy.org\/sites\/default\/files\/styles\/medium\/public\/g2_archive\/Aboriginal%20Justice%20Team\/grassy_narrows\/album15\/20809680_1e89_00800060.jpg?itok=Pv69SuHY\" alt=\"\" width=\"128\" height=\"96\">El&nbsp;<strong>Equipo de justicia ind\u00edgena<\/strong>&nbsp;de ECAP&nbsp;colabora con socios de las comunidades ind\u00edgenas y aliados colonos en la regi\u00f3n\/provincia canadiense de Ontario. El equipo tiene por mandato desestructurar el colonialismo y apoyar a<br>\nlas comunidades ind\u00edgenas en su b\u00fasqueda de justicia y defensa del territorio en<br>\ncontra de la explotaci\u00f3n sin consulta previa por parte del Gobierno y las<br>\ncorporaciones. Nuestro trabajo incluye: presencia y acompa\u00f1amiento;<br>\ntestificaci\u00f3n en el sistema judicial; monitoreo y reportaje de derechos humanos;<br>\nescribir art\u00edculos y reflexiones; capacitaci\u00f3n en no-violencia; educaci\u00f3n,<br>\ndefensa y promoci\u00f3n del trabajo a trav\u00e9s de presentaciones en escuelas e<br>\niglesias; organizaci\u00f3n de delegaciones en \u00e1reas de conflicto para aprender y<br>\nconocer los hechos en terreno; participaci\u00f3n y\/o apoyo log\u00edstico a acciones<br>\np\u00fablicas y giras de presentaciones. ECAP busca enlistar a la iglesia en el<br>\ntrabajo de desestructurar el colonialismo.<\/p>","protected":false},"excerpt":{"rendered":"<p>El&nbsp;Equipo de justicia ind\u00edgena&nbsp;de ECAP&nbsp;colabora con socios de las comunidades ind\u00edgenas y aliados colonos en la regi\u00f3n\/provincia canadiense de Ontario. El equipo tiene por mandato desestructurar el colonialismo y apoyar a las comunidades ind\u00edgenas en su b\u00fasqueda de justicia y defensa del territorio en contra de la explotaci\u00f3n sin consulta previa por parte del Gobierno [&hellip;]<\/p>\n","protected":false},"author":3,"featured_media":0,"parent":0,"menu_order":0,"comment_status":"closed","ping_status":"closed","template":"","meta":{"footnotes":""},"class_list":["post-8026","page","type-page","status-publish","hentry"],"yoast_head":"<!-- This site is optimized with the Yoast SEO Premium plugin v27.5 (Yoast SEO v27.5) - https:\/\/yoast.com\/product\/yoast-seo-premium-wordpress\/ -->\n<title>Equipo de justicia ind\u00edgena | Christian Peacemaker Teams<\/title>\n<meta name=\"description\" content=\"El\u00a0Equipo de justicia ind\u00edgena\u00a0de ECAP\u00a0colabora con socios de las comunidades ind\u00edgenas y aliados colonos en la regi\u00f3n\/provincia canadiense de Ontario.\" \/>\n<meta name=\"robots\" content=\"index, follow, max-snippet:-1, max-image-preview:large, max-video-preview:-1\" \/>\n<link rel=\"canonical\" href=\"https:\/\/cpt.org\/es\/equipo-de-justicia-aborigen-de-ecap\" \/>\n<meta property=\"og:locale\" content=\"es_ES\" \/>\n<meta property=\"og:type\" content=\"article\" \/>\n<meta property=\"og:title\" content=\"Equipo de justicia ind\u00edgena\" \/>\n<meta property=\"og:description\" content=\"El\u00a0Equipo de justicia ind\u00edgena\u00a0de ECAP\u00a0colabora con socios de las comunidades ind\u00edgenas y aliados colonos en la regi\u00f3n\/provincia canadiense de Ontario.\" \/>\n<meta property=\"og:url\" content=\"https:\/\/cpt.org\/es\/equipo-de-justicia-aborigen-de-ecap\" \/>\n<meta property=\"og:site_name\" content=\"Equipos y Comunidades de Acci\u00f3n por la Paz\" \/>\n<meta property=\"article:publisher\" content=\"https:\/\/www.facebook.com\/cpters\" \/>\n<meta property=\"article:modified_time\" content=\"2021-01-04T22:00:26+00:00\" \/>\n<meta property=\"og:image\" content=\"https:\/\/cpt-org.cftvgy.org\/sites\/default\/files\/styles\/medium\/public\/g2_archive\/Aboriginal%20Justice%20Team\/grassy_narrows\/album15\/20809680_1e89_00800060.jpg?itok=Pv69SuHY\" \/>\n<meta name=\"twitter:card\" content=\"summary_large_image\" \/>\n<meta name=\"twitter:title\" content=\"Equipo de justicia ind\u00edgena | Christian Peacemaker Teams\" \/>\n<meta name=\"twitter:description\" content=\"El\u00a0Equipo de justicia ind\u00edgena\u00a0de ECAP\u00a0colabora con socios de las comunidades ind\u00edgenas y aliados colonos en la regi\u00f3n\/provincia canadiense de Ontario.\" \/>\n<meta name=\"twitter:site\" content=\"@cpt_intl\" \/>\n<meta name=\"twitter:label1\" content=\"Tiempo de lectura\" \/>\n\t<meta name=\"twitter:data1\" content=\"1 minuto\" \/>\n<script type=\"application\/ld+json\" class=\"yoast-schema-graph\">{\"@context\":\"https:\\\/\\\/schema.org\",\"@graph\":[{\"@type\":\"WebPage\",\"@id\":\"https:\\\/\\\/cpt.org\\\/es\\\/equipo-de-justicia-aborigen-de-ecap\",\"url\":\"https:\\\/\\\/cpt.org\\\/es\\\/equipo-de-justicia-aborigen-de-ecap\",\"name\":\"Equipo de justicia ind\u00edgena | Christian Peacemaker Teams\",\"isPartOf\":{\"@id\":\"https:\\\/\\\/cpt.org\\\/es#website\"},\"primaryImageOfPage\":{\"@id\":\"https:\\\/\\\/cpt.org\\\/es\\\/equipo-de-justicia-aborigen-de-ecap#primaryimage\"},\"image\":{\"@id\":\"https:\\\/\\\/cpt.org\\\/es\\\/equipo-de-justicia-aborigen-de-ecap#primaryimage\"},\"thumbnailUrl\":\"https:\\\/\\\/cpt-org.cftvgy.org\\\/sites\\\/default\\\/files\\\/styles\\\/medium\\\/public\\\/g2_archive\\\/Aboriginal%20Justice%20Team\\\/grassy_narrows\\\/album15\\\/20809680_1e89_00800060.jpg?itok=Pv69SuHY\",\"datePublished\":\"2020-12-28T12:56:46+00:00\",\"dateModified\":\"2021-01-04T22:00:26+00:00\",\"description\":\"El\u00a0Equipo de justicia ind\u00edgena\u00a0de ECAP\u00a0colabora con socios de las comunidades ind\u00edgenas y aliados colonos en la regi\u00f3n\\\/provincia canadiense de Ontario.\",\"breadcrumb\":{\"@id\":\"https:\\\/\\\/cpt.org\\\/es\\\/equipo-de-justicia-aborigen-de-ecap#breadcrumb\"},\"inLanguage\":\"es\",\"potentialAction\":[{\"@type\":\"ReadAction\",\"target\":[\"https:\\\/\\\/cpt.org\\\/es\\\/equipo-de-justicia-aborigen-de-ecap\"]}]},{\"@type\":\"ImageObject\",\"inLanguage\":\"es\",\"@id\":\"https:\\\/\\\/cpt.org\\\/es\\\/equipo-de-justicia-aborigen-de-ecap#primaryimage\",\"url\":\"https:\\\/\\\/cpt-org.cftvgy.org\\\/sites\\\/default\\\/files\\\/styles\\\/medium\\\/public\\\/g2_archive\\\/Aboriginal%20Justice%20Team\\\/grassy_narrows\\\/album15\\\/20809680_1e89_00800060.jpg?itok=Pv69SuHY\",\"contentUrl\":\"https:\\\/\\\/cpt-org.cftvgy.org\\\/sites\\\/default\\\/files\\\/styles\\\/medium\\\/public\\\/g2_archive\\\/Aboriginal%20Justice%20Team\\\/grassy_narrows\\\/album15\\\/20809680_1e89_00800060.jpg?itok=Pv69SuHY\"},{\"@type\":\"BreadcrumbList\",\"@id\":\"https:\\\/\\\/cpt.org\\\/es\\\/equipo-de-justicia-aborigen-de-ecap#breadcrumb\",\"itemListElement\":[{\"@type\":\"ListItem\",\"position\":1,\"name\":\"Home\",\"item\":\"https:\\\/\\\/cpt.org\\\/es\"},{\"@type\":\"ListItem\",\"position\":2,\"name\":\"Equipo de justicia ind\u00edgena\"}]},{\"@type\":\"WebSite\",\"@id\":\"https:\\\/\\\/cpt.org\\\/es#website\",\"url\":\"https:\\\/\\\/cpt.org\\\/es\",\"name\":\"Equipos y Comunidades de Acci\u00f3n por la Paz\",\"description\":\"Building partnerships to transform violence and oppression\",\"publisher\":{\"@id\":\"https:\\\/\\\/cpt.org\\\/es#organization\"},\"potentialAction\":[{\"@type\":\"SearchAction\",\"target\":{\"@type\":\"EntryPoint\",\"urlTemplate\":\"https:\\\/\\\/cpt.org\\\/es?s={search_term_string}\"},\"query-input\":{\"@type\":\"PropertyValueSpecification\",\"valueRequired\":true,\"valueName\":\"search_term_string\"}}],\"inLanguage\":\"es\"},{\"@type\":\"Organization\",\"@id\":\"https:\\\/\\\/cpt.org\\\/es#organization\",\"name\":\"Equipos y Comunidades de Acci\u00f3n por la Paz\",\"url\":\"https:\\\/\\\/cpt.org\\\/es\",\"logo\":{\"@type\":\"ImageObject\",\"inLanguage\":\"es\",\"@id\":\"https:\\\/\\\/cpt.org\\\/es#\\\/schema\\\/logo\\\/image\\\/\",\"url\":\"https:\\\/\\\/cpt.org\\\/wp-content\\\/uploads\\\/logoCPT-red-2.png\",\"contentUrl\":\"https:\\\/\\\/cpt.org\\\/wp-content\\\/uploads\\\/logoCPT-red-2.png\",\"width\":1730,\"height\":840,\"caption\":\"Equipos y Comunidades de Acci\u00f3n por la Paz\"},\"image\":{\"@id\":\"https:\\\/\\\/cpt.org\\\/es#\\\/schema\\\/logo\\\/image\\\/\"},\"sameAs\":[\"https:\\\/\\\/www.facebook.com\\\/cpters\",\"https:\\\/\\\/x.com\\\/cpt_intl\",\"https:\\\/\\\/www.instagram.com\\\/cpteams\\\/\",\"https:\\\/\\\/www.youtube.com\\\/user\\\/cptvideos\"]}]}<\/script>\n<!-- \/ Yoast SEO Premium plugin. -->","yoast_head_json":{"title":"Equipo de justicia ind\u00edgena | Christian Peacemaker Teams","description":"El\u00a0Equipo de justicia ind\u00edgena\u00a0de ECAP\u00a0colabora con socios de las comunidades ind\u00edgenas y aliados colonos en la regi\u00f3n\/provincia canadiense de Ontario.","robots":{"index":"index","follow":"follow","max-snippet":"max-snippet:-1","max-image-preview":"max-image-preview:large","max-video-preview":"max-video-preview:-1"},"canonical":"https:\/\/cpt.org\/es\/equipo-de-justicia-aborigen-de-ecap","og_locale":"es_ES","og_type":"article","og_title":"Equipo de justicia ind\u00edgena","og_description":"El\u00a0Equipo de justicia ind\u00edgena\u00a0de ECAP\u00a0colabora con socios de las comunidades ind\u00edgenas y aliados colonos en la regi\u00f3n\/provincia canadiense de Ontario.","og_url":"https:\/\/cpt.org\/es\/equipo-de-justicia-aborigen-de-ecap","og_site_name":"Equipos y Comunidades de Acci\u00f3n por la Paz","article_publisher":"https:\/\/www.facebook.com\/cpters","article_modified_time":"2021-01-04T22:00:26+00:00","og_image":[{"url":"https:\/\/cpt-org.cftvgy.org\/sites\/default\/files\/styles\/medium\/public\/g2_archive\/Aboriginal%20Justice%20Team\/grassy_narrows\/album15\/20809680_1e89_00800060.jpg?itok=Pv69SuHY","type":"","width":"","height":""}],"twitter_card":"summary_large_image","twitter_title":"Equipo de justicia ind\u00edgena | Christian Peacemaker Teams","twitter_description":"El\u00a0Equipo de justicia ind\u00edgena\u00a0de ECAP\u00a0colabora con socios de las comunidades ind\u00edgenas y aliados colonos en la regi\u00f3n\/provincia canadiense de Ontario.","twitter_site":"@cpt_intl","twitter_misc":{"Tiempo de lectura":"1 minuto"},"schema":{"@context":"https:\/\/schema.org","@graph":[{"@type":"WebPage","@id":"https:\/\/cpt.org\/es\/equipo-de-justicia-aborigen-de-ecap","url":"https:\/\/cpt.org\/es\/equipo-de-justicia-aborigen-de-ecap","name":"Equipo de justicia ind\u00edgena | Christian Peacemaker Teams","isPartOf":{"@id":"https:\/\/cpt.org\/es#website"},"primaryImageOfPage":{"@id":"https:\/\/cpt.org\/es\/equipo-de-justicia-aborigen-de-ecap#primaryimage"},"image":{"@id":"https:\/\/cpt.org\/es\/equipo-de-justicia-aborigen-de-ecap#primaryimage"},"thumbnailUrl":"https:\/\/cpt-org.cftvgy.org\/sites\/default\/files\/styles\/medium\/public\/g2_archive\/Aboriginal%20Justice%20Team\/grassy_narrows\/album15\/20809680_1e89_00800060.jpg?itok=Pv69SuHY","datePublished":"2020-12-28T12:56:46+00:00","dateModified":"2021-01-04T22:00:26+00:00","description":"El\u00a0Equipo de justicia ind\u00edgena\u00a0de ECAP\u00a0colabora con socios de las comunidades ind\u00edgenas y aliados colonos en la regi\u00f3n\/provincia canadiense de Ontario.","breadcrumb":{"@id":"https:\/\/cpt.org\/es\/equipo-de-justicia-aborigen-de-ecap#breadcrumb"},"inLanguage":"es","potentialAction":[{"@type":"ReadAction","target":["https:\/\/cpt.org\/es\/equipo-de-justicia-aborigen-de-ecap"]}]},{"@type":"ImageObject","inLanguage":"es","@id":"https:\/\/cpt.org\/es\/equipo-de-justicia-aborigen-de-ecap#primaryimage","url":"https:\/\/cpt-org.cftvgy.org\/sites\/default\/files\/styles\/medium\/public\/g2_archive\/Aboriginal%20Justice%20Team\/grassy_narrows\/album15\/20809680_1e89_00800060.jpg?itok=Pv69SuHY","contentUrl":"https:\/\/cpt-org.cftvgy.org\/sites\/default\/files\/styles\/medium\/public\/g2_archive\/Aboriginal%20Justice%20Team\/grassy_narrows\/album15\/20809680_1e89_00800060.jpg?itok=Pv69SuHY"},{"@type":"BreadcrumbList","@id":"https:\/\/cpt.org\/es\/equipo-de-justicia-aborigen-de-ecap#breadcrumb","itemListElement":[{"@type":"ListItem","position":1,"name":"Home","item":"https:\/\/cpt.org\/es"},{"@type":"ListItem","position":2,"name":"Equipo de justicia ind\u00edgena"}]},{"@type":"WebSite","@id":"https:\/\/cpt.org\/es#website","url":"https:\/\/cpt.org\/es","name":"Equipos y Comunidades de Acci\u00f3n por la Paz","description":"Building partnerships to transform violence and oppression","publisher":{"@id":"https:\/\/cpt.org\/es#organization"},"potentialAction":[{"@type":"SearchAction","target":{"@type":"EntryPoint","urlTemplate":"https:\/\/cpt.org\/es?s={search_term_string}"},"query-input":{"@type":"PropertyValueSpecification","valueRequired":true,"valueName":"search_term_string"}}],"inLanguage":"es"},{"@type":"Organization","@id":"https:\/\/cpt.org\/es#organization","name":"Equipos y Comunidades de Acci\u00f3n por la Paz","url":"https:\/\/cpt.org\/es","logo":{"@type":"ImageObject","inLanguage":"es","@id":"https:\/\/cpt.org\/es#\/schema\/logo\/image\/","url":"https:\/\/cpt.org\/wp-content\/uploads\/logoCPT-red-2.png","contentUrl":"https:\/\/cpt.org\/wp-content\/uploads\/logoCPT-red-2.png","width":1730,"height":840,"caption":"Equipos y Comunidades de Acci\u00f3n por la Paz"},"image":{"@id":"https:\/\/cpt.org\/es#\/schema\/logo\/image\/"},"sameAs":["https:\/\/www.facebook.com\/cpters","https:\/\/x.com\/cpt_intl","https:\/\/www.instagram.com\/cpteams\/","https:\/\/www.youtube.com\/user\/cptvideos"]}]}},"_links":{"self":[{"href":"https:\/\/cpt.org\/es\/wp-json\/wp\/v2\/pages\/8026","targetHints":{"allow":["GET"]}}],"collection":[{"href":"https:\/\/cpt.org\/es\/wp-json\/wp\/v2\/pages"}],"about":[{"href":"https:\/\/cpt.org\/es\/wp-json\/wp\/v2\/types\/page"}],"author":[{"embeddable":true,"href":"https:\/\/cpt.org\/es\/wp-json\/wp\/v2\/users\/3"}],"replies":[{"embeddable":true,"href":"https:\/\/cpt.org\/es\/wp-json\/wp\/v2\/comments?post=8026"}],"version-history":[{"count":1,"href":"https:\/\/cpt.org\/es\/wp-json\/wp\/v2\/pages\/8026\/revisions"}],"predecessor-version":[{"id":18456,"href":"https:\/\/cpt.org\/es\/wp-json\/wp\/v2\/pages\/8026\/revisions\/18456"}],"wp:attachment":[{"href":"https:\/\/cpt.org\/es\/wp-json\/wp\/v2\/media?parent=8026"}],"curies":[{"name":"wp","href":"https:\/\/api.w.org\/{rel}","templated":true}]}}